
{"id":903,"date":"2021-09-27T18:09:39","date_gmt":"2021-09-27T17:09:39","guid":{"rendered":"https:\/\/ghostsoul.pt\/?page_id=903"},"modified":"2022-05-04T09:54:22","modified_gmt":"2022-05-04T08:54:22","slug":"politica-de-protecao-de-dados","status":"publish","type":"page","link":"https:\/\/ghostsoul.pt\/pt-pt\/politica-de-protecao-de-dados\/","title":{"rendered":"Pol\u00edtica de Prote\u00e7\u00e3o de Dados"},"content":{"rendered":"\t\t<div data-elementor-type=\"wp-page\" data-elementor-id=\"903\" class=\"elementor elementor-903 elementor-898\" data-elementor-settings=\"[]\">\n\t\t\t\t\t\t\t<div class=\"elementor-section-wrap\">\n\t\t\t\t\t\t\t<section class=\"elementor-section elementor-top-section elementor-element elementor-element-7d988e8 elementor-section-boxed elementor-section-height-default elementor-section-height-default\" data-id=\"7d988e8\" data-element_type=\"section\">\n\t\t\t\t\t\t<div class=\"elementor-container elementor-column-gap-default\">\n\t\t\t\t\t<div class=\"elementor-column elementor-col-100 elementor-top-column elementor-element elementor-element-4ae575b\" data-id=\"4ae575b\" data-element_type=\"column\">\n\t\t\t<div class=\"elementor-widget-wrap elementor-element-populated\">\n\t\t\t\t\t\t\t\t<div class=\"elementor-element elementor-element-b91bd91 elementor-widget elementor-widget-text-editor\" data-id=\"b91bd91\" data-element_type=\"widget\" data-widget_type=\"text-editor.default\">\n\t\t\t\t<div class=\"elementor-widget-container\">\n\t\t\t\t\t\t\t\t<p><strong>Tratamento de dados pessoais<\/strong><br>Na Ghost Soul estamos especialmente conscientes da seguran\u00e7a do nosso website e garantimos a confidencialidade dos dados fornecidos pelos nossos clientes. Temos o compromisso de oferecer o melhor servi\u00e7o e a melhor experi\u00eancia on-line.<br>O novo Regulamento Geral sobre prote\u00e7\u00e3o de Dados entra em vigor a partir de 25 de Maio de 2018, aumentando a seguran\u00e7a no tratamento dos dados pessoais. Como empresa que se rege pela defesa do direito \u00e0 privacidade dos seus clientes, a Ghost Soul refor\u00e7a assim ainda mais a sua posi\u00e7\u00e3o.<\/p>\n<p>No \u00e2mbito e para efeitos exclusivos dos servi\u00e7os que lhe prestamos, a Ghost Soul, na medida em que determine os meios de tratamento e as finalidades, \u00e9 a entidade respons\u00e1vel pelo tratamento dos seus dados pessoais e por assegurar a prote\u00e7\u00e3o da sua privacidade, atuando em conformidade com a lei e o novo Regulamento.<br>Todos os nossos registos incluem dados que foram obtidos atrav\u00e9s dos registos dos clientes e encomendas. Caso pretenda manter os seus dados n\u00e3o ser\u00e1 necess\u00e1ria qualquer a\u00e7\u00e3o por sua parte. Se pretender remover todos os seus dados permanentemente poder\u00e1 fazer o mesmo atrav\u00e9s de:<\/p>\n<p>\u2022 Atrav\u00e9s de correio eletr\u00f3nico para o nosso mail: info@ghostsoul.pt.<br>\u2022 Atrav\u00e9s de chamada para o nosso contacto telef\u00f3nico: +351 253 849 000.<br>\u2022 Atrav\u00e9s da nossa p\u00e1gina de Facebook ou Instagram.<\/p>\n<p><strong>Que informa\u00e7\u00e3o recolhemos?<\/strong><br>Todos os dados solicitados atrav\u00e9s do site s\u00e3o obrigat\u00f3rios, pois s\u00e3o necess\u00e1rios para a presta\u00e7\u00e3o de um servi\u00e7o ideal para o usu\u00e1rio.<br>Os dados recolhidos neste site destinam-se ao processamento das encomendas e comunica\u00e7\u00e3o com os clientes, fatura\u00e7\u00e3o, processamento de pedidos de informa\u00e7\u00e3o e de eventuais reclama\u00e7\u00f5es, an\u00e1lise estat\u00edstica, bem como a respetiva utiliza\u00e7\u00e3o para efeitos de marketing direto. Recolhemos o nome, n\u00famero de telem\u00f3vel, morada, endere\u00e7o de e-mail, n\u00famero de identifica\u00e7\u00e3o fiscal (se inserido).<br>Recolhemos tamb\u00e9m o endere\u00e7o de IP apenas como identificadores por quest\u00f5es de seguran\u00e7a e para preven\u00e7\u00e3o de ataques que possa por em risco os dados sens\u00edveis.<br>A transmiss\u00e3o de dados entre os clientes e a Ghost Soul est\u00e1 encriptada, todas as p\u00e1ginas em www.ghostsoul.pt foram encriptadas antes de serem transmitidas pela Internet, garantindo a confidencialidade e seguran\u00e7a da troca de informa\u00e7\u00f5es. Caso houver alguma brecha de seguran\u00e7a, ser\u00e1 comunicada o mais rapidamente poss\u00edvel para os nossos usu\u00e1rios.<br>Em qualquer momento, tem o direito de aceder aos seus dados pessoais, poder\u00e1 visualizar todas as suas informa\u00e7\u00f5es recolhidas sobre si na \u00e1rea de clientes, onde poder\u00e1 tamb\u00e9m editar, transferir uma c\u00f3pia ou eliminar completamente os dados.<\/p>\n<p><strong>O que aconteceu com a informa\u00e7\u00e3o recolhida?<\/strong><br>A Ghost Soul conservar\u00e1 os seus dados pessoais pelo per\u00edodo necess\u00e1rio para realiza\u00e7\u00e3o de encomendas, respetiva fatura\u00e7\u00e3o e cumprimento das obriga\u00e7\u00f5es legais aplic\u00e1veis.<br>A Ghost Soul n\u00e3o comercializar\u00e1 nem partilhar\u00e1 a sua base de dados de clientes com terceiros e garante a confidencialidade de todos os dados fornecidos pelos seus clientes, n\u00e3o partilhando estes com terceiros que n\u00e3o fa\u00e7a parte do processo de envio ou fatura\u00e7\u00e3o das encomendas.<br>N\u00e3o obstante a Ghost Soul procede \u00e0 recolha e ao tratamento de dados de forma segura e que impede a sua perda ou manipula\u00e7\u00e3o, utilizando as t\u00e9cnicas mais aperfei\u00e7oadas para o efeito, informamos que a recolha em rede aberta permite a circula\u00e7\u00e3o dos dados pessoais sem condi\u00e7\u00f5es de seguran\u00e7a, correndo o risco de ser vistos e utilizados por terceiros n\u00e3o autorizados. O utilizador tem a possibilidade de exercer os seus direitos de acesso, \u00e0 retifica\u00e7\u00e3o, ao esquecimento, \u00e0 portabilidade dos dados, e oposi\u00e7\u00e3o dos seus dados, nos termos da Lei da Prote\u00e7\u00e3o de Dados Pessoais.<\/p>\n<p><strong>Sobre os cookies<\/strong><br>Este site utiliza cookies para lhe permitir ter a melhor experi\u00eancia como utilizador. Os cookies s\u00e3o pequenos ficheiros de texto gravados no seu equipamento quando acede aos sites. Estes permitem o armazenamento de um conjunto de informa\u00e7\u00f5es relacionadas com o utilizador, em que umas s\u00e3o usadas para reconhecer o utilizador em futuras visitas ao site, e outras s\u00e3o usadas para garantir as funcionalidades disponibilizadas e melhorar o desempenho e a experi\u00eancia do utilizador ao site.<br>Aten\u00e7\u00e3o: \u00e9 importante perceber que algumas \u00e1reas do site poder\u00e3o n\u00e3o funcionar corretamente ap\u00f3s a desativa\u00e7\u00e3o dos cookies.<\/p>\n<p><\/p>\t\t\t\t\t\t<\/div>\n\t\t\t\t<\/div>\n\t\t\t\t\t<\/div>\n\t\t<\/div>\n\t\t\t\t\t\t\t<\/div>\n\t\t<\/section>\n\t\t\t\t\t\t<\/div>\n\t\t\t\t\t<\/div>\n\t\t","protected":false},"excerpt":{"rendered":"<p>Tratamento de dados pessoaisNa Ghost Soul estamos especialmente conscientes da seguran\u00e7a do nosso website e garantimos a confidencialidade dos dados fornecidos pelos nossos clientes. Temos o compromisso de oferecer o melhor servi\u00e7o e a melhor experi\u00eancia on-line.O novo Regulamento Geral sobre prote\u00e7\u00e3o de Dados entra em vigor a partir de 25 de Maio de 2018, [&hellip;]<\/p>\n","protected":false},"author":3,"featured_media":0,"parent":0,"menu_order":0,"comment_status":"closed","ping_status":"closed","template":"","meta":{"footnotes":""},"class_list":["post-903","page","type-page","status-publish","hentry"],"_links":{"self":[{"href":"https:\/\/ghostsoul.pt\/pt-pt\/wp-json\/wp\/v2\/pages\/903","targetHints":{"allow":["GET"]}}],"collection":[{"href":"https:\/\/ghostsoul.pt\/pt-pt\/wp-json\/wp\/v2\/pages"}],"about":[{"href":"https:\/\/ghostsoul.pt\/pt-pt\/wp-json\/wp\/v2\/types\/page"}],"author":[{"embeddable":true,"href":"https:\/\/ghostsoul.pt\/pt-pt\/wp-json\/wp\/v2\/users\/3"}],"replies":[{"embeddable":true,"href":"https:\/\/ghostsoul.pt\/pt-pt\/wp-json\/wp\/v2\/comments?post=903"}],"version-history":[{"count":4,"href":"https:\/\/ghostsoul.pt\/pt-pt\/wp-json\/wp\/v2\/pages\/903\/revisions"}],"predecessor-version":[{"id":3421,"href":"https:\/\/ghostsoul.pt\/pt-pt\/wp-json\/wp\/v2\/pages\/903\/revisions\/3421"}],"wp:attachment":[{"href":"https:\/\/ghostsoul.pt\/pt-pt\/wp-json\/wp\/v2\/media?parent=903"}],"curies":[{"name":"wp","href":"https:\/\/api.w.org\/{rel}","templated":true}]}}