
{"id":861,"date":"2021-09-16T11:37:37","date_gmt":"2021-09-16T10:37:37","guid":{"rendered":"https:\/\/ghostsoul.pt\/?page_id=861"},"modified":"2021-10-11T14:22:27","modified_gmt":"2021-10-11T13:22:27","slug":"envios-e-devolucoes","status":"publish","type":"page","link":"https:\/\/ghostsoul.pt\/pt-pt\/envios-e-devolucoes\/","title":{"rendered":"Envios e Devolu\u00e7\u00f5es"},"content":{"rendered":"\t\t<div data-elementor-type=\"wp-page\" data-elementor-id=\"861\" class=\"elementor elementor-861 elementor-856\" data-elementor-settings=\"[]\">\n\t\t\t\t\t\t\t<div class=\"elementor-section-wrap\">\n\t\t\t\t\t\t\t<section class=\"elementor-section elementor-top-section elementor-element elementor-element-148a871 elementor-section-boxed elementor-section-height-default elementor-section-height-default\" data-id=\"148a871\" data-element_type=\"section\">\n\t\t\t\t\t\t<div class=\"elementor-container elementor-column-gap-default\">\n\t\t\t\t\t<div class=\"elementor-column elementor-col-100 elementor-top-column elementor-element elementor-element-db0524a\" data-id=\"db0524a\" data-element_type=\"column\">\n\t\t\t<div class=\"elementor-widget-wrap elementor-element-populated\">\n\t\t\t\t\t\t\t\t<div class=\"elementor-element elementor-element-1840bda elementor-widget elementor-widget-text-editor\" data-id=\"1840bda\" data-element_type=\"widget\" data-widget_type=\"text-editor.default\">\n\t\t\t\t<div class=\"elementor-widget-container\">\n\t\t\t\t\t\t\t\t<p><strong>Envios<\/strong><br \/>\nO envio ser\u00e1 realizado dentro de 5 dias uteis, salvo rutura de stock. Se n\u00e3o se encontrar em casa, ser\u00e1 deixado um aviso para levantar a encomenda na esta\u00e7\u00e3o dos CTT mais pr\u00f3xima (o aviso \u00e9 da inteira responsabilidade da transportadora que fizer a entrega).<br \/>\nAs encomendas cujo destino seja Portugal tem um custo a partir de 3,45\u20ac e o prazo de entrega \u00e9 de 2 a 3 dias \u00fateis.<br \/>\nAs encomendas para a Europa enviadas em registo normal t\u00eam um prazo de entrega a rondar os 8 dias uteis e portes a partir dos 10,00\u20ac.<br \/>\nO custo de envio para o resto do mundo em correio normal s\u00e3o 15,00\u20ac e a encomenda ser\u00e1 entregue num prazo de 10 a 15 dias \u00fateis.<br \/>\nEncomendas acima dos 50\u20ac n\u00e3o ter\u00e3o qualquer custo de portes de envio.<\/p>\n<p><strong>Exchanges and Returns<\/strong><br \/>\n<strong>Trocas e Devolu\u00e7\u00f5es<\/strong><br \/>\nA Ghost Soul disp\u00f5e de um per\u00edodo de 15 dias para troca\/devolu\u00e7\u00f5es de artigos Nacionais e 21 dias para encomendas internacionais.<br \/>\nPara realizar a troca\/devolu\u00e7\u00e3o do artigo, seja o tamanho, cor, desenho ou artigo, ter\u00e1s que nos enviar para a nossa morada:<\/p>\n<p><strong>Ghost Soul<\/strong><br \/>\nRua Joaquim Castro Gomes 631<br \/>\nTamel S. Ver\u00edssimo<br \/>\n4750-872 Barcelos &#8211; Portugal<\/p>\n\t\t\t\t\t\t<\/div>\n\t\t\t\t<\/div>\n\t\t\t\t\t<\/div>\n\t\t<\/div>\n\t\t\t\t\t\t\t<\/div>\n\t\t<\/section>\n\t\t\t\t\t\t<\/div>\n\t\t\t\t\t<\/div>\n\t\t","protected":false},"excerpt":{"rendered":"<p>Envios O envio ser\u00e1 realizado dentro de 5 dias uteis, salvo rutura de stock. Se n\u00e3o se encontrar em casa, ser\u00e1 deixado um aviso para levantar a encomenda na esta\u00e7\u00e3o dos CTT mais pr\u00f3xima (o aviso \u00e9 da inteira responsabilidade da transportadora que fizer a entrega). As encomendas cujo destino seja Portugal tem um custo [&hellip;]<\/p>\n","protected":false},"author":3,"featured_media":0,"parent":0,"menu_order":0,"comment_status":"closed","ping_status":"closed","template":"","meta":{"footnotes":""},"class_list":["post-861","page","type-page","status-publish","hentry"],"_links":{"self":[{"href":"https:\/\/ghostsoul.pt\/pt-pt\/wp-json\/wp\/v2\/pages\/861","targetHints":{"allow":["GET"]}}],"collection":[{"href":"https:\/\/ghostsoul.pt\/pt-pt\/wp-json\/wp\/v2\/pages"}],"about":[{"href":"https:\/\/ghostsoul.pt\/pt-pt\/wp-json\/wp\/v2\/types\/page"}],"author":[{"embeddable":true,"href":"https:\/\/ghostsoul.pt\/pt-pt\/wp-json\/wp\/v2\/users\/3"}],"replies":[{"embeddable":true,"href":"https:\/\/ghostsoul.pt\/pt-pt\/wp-json\/wp\/v2\/comments?post=861"}],"version-history":[{"count":18,"href":"https:\/\/ghostsoul.pt\/pt-pt\/wp-json\/wp\/v2\/pages\/861\/revisions"}],"predecessor-version":[{"id":1030,"href":"https:\/\/ghostsoul.pt\/pt-pt\/wp-json\/wp\/v2\/pages\/861\/revisions\/1030"}],"wp:attachment":[{"href":"https:\/\/ghostsoul.pt\/pt-pt\/wp-json\/wp\/v2\/media?parent=861"}],"curies":[{"name":"wp","href":"https:\/\/api.w.org\/{rel}","templated":true}]}}