
{"id":770,"date":"2021-09-15T15:17:40","date_gmt":"2021-09-15T14:17:40","guid":{"rendered":"https:\/\/ghostsoul.pt\/?page_id=770"},"modified":"2022-05-09T09:55:27","modified_gmt":"2022-05-09T08:55:27","slug":"quem-somos","status":"publish","type":"page","link":"https:\/\/ghostsoul.pt\/pt-pt\/quem-somos\/","title":{"rendered":"Quem Somos"},"content":{"rendered":"\t\t<div data-elementor-type=\"wp-page\" data-elementor-id=\"770\" class=\"elementor elementor-770 elementor-48\" data-elementor-settings=\"[]\">\n\t\t\t\t\t\t\t<div class=\"elementor-section-wrap\">\n\t\t\t\t\t\t\t<section class=\"elementor-section elementor-top-section elementor-element elementor-element-7e8d63fb elementor-section-boxed elementor-section-height-default elementor-section-height-default\" data-id=\"7e8d63fb\" data-element_type=\"section\">\n\t\t\t\t\t\t<div class=\"elementor-container elementor-column-gap-default\">\n\t\t\t\t\t<div class=\"elementor-column elementor-col-100 elementor-top-column elementor-element elementor-element-24d23378\" data-id=\"24d23378\" data-element_type=\"column\">\n\t\t\t<div class=\"elementor-widget-wrap elementor-element-populated\">\n\t\t\t\t\t\t\t\t<div class=\"elementor-element elementor-element-55657b5 elementor-widget elementor-widget-spacer\" data-id=\"55657b5\" data-element_type=\"widget\" data-widget_type=\"spacer.default\">\n\t\t\t\t<div class=\"elementor-widget-container\">\n\t\t\t\t\t<div class=\"elementor-spacer\">\n\t\t\t<div class=\"elementor-spacer-inner\"><\/div>\n\t\t<\/div>\n\t\t\t\t<\/div>\n\t\t\t\t<\/div>\n\t\t\t\t<div class=\"elementor-element elementor-element-5cf09ae elementor-widget elementor-widget-heading\" data-id=\"5cf09ae\" data-element_type=\"widget\" data-widget_type=\"heading.default\">\n\t\t\t\t<div class=\"elementor-widget-container\">\n\t\t\t<h2 class=\"elementor-heading-title elementor-size-default\">Quem somos<\/h2>\t\t<\/div>\n\t\t\t\t<\/div>\n\t\t\t\t<div class=\"elementor-element elementor-element-dd26b3a elementor-widget elementor-widget-text-editor\" data-id=\"dd26b3a\" data-element_type=\"widget\" data-widget_type=\"text-editor.default\">\n\t\t\t\t<div class=\"elementor-widget-container\">\n\t\t\t\t\t\t\t\t<p><\/p>\n<p><\/p>\n<p><\/p>\n<p id=\"tw-target-text\" class=\"tw-data-text tw-text-large XcVN5d tw-ta\" dir=\"ltr\" data-placeholder=\"Tradu\u00e7\u00e3o\"><span class=\"Y2IQFc\" lang=\"pt\">Ghost Soul \u00e9 uma nova marca, criada para mudar a forma como as t-shirts personalizadas s\u00e3o feitas! Somos profissionais em serigrafia e impress\u00e3o digital e nosso objetivo \u00e9 tornar isso mais f\u00e1cil para obter t-shirts personalizadas de qualidade e entreg\u00e1-las diretamente a voc\u00ea! Temos os nossos pr\u00f3prios designs, mas fique \u00e0 vontade para nos enviar as suas artes, as suas ideias e iremos torn\u00e1-las fant\u00e1sticas!<\/span><\/p>\n<p><\/p>\t\t\t\t\t\t<\/div>\n\t\t\t\t<\/div>\n\t\t\t\t\t<\/div>\n\t\t<\/div>\n\t\t\t\t\t\t\t<\/div>\n\t\t<\/section>\n\t\t\t\t\t\t<\/div>\n\t\t\t\t\t<\/div>\n\t\t","protected":false},"excerpt":{"rendered":"<p>Quem somos Ghost Soul \u00e9 uma nova marca, criada para mudar a forma como as t-shirts personalizadas s\u00e3o feitas! Somos profissionais em serigrafia e impress\u00e3o digital e nosso objetivo \u00e9 tornar isso mais f\u00e1cil para obter t-shirts personalizadas de qualidade e entreg\u00e1-las diretamente a voc\u00ea! Temos os nossos pr\u00f3prios designs, mas fique \u00e0 vontade para [&hellip;]<\/p>\n","protected":false},"author":3,"featured_media":0,"parent":0,"menu_order":0,"comment_status":"closed","ping_status":"closed","template":"","meta":{"footnotes":""},"class_list":["post-770","page","type-page","status-publish","hentry"],"_links":{"self":[{"href":"https:\/\/ghostsoul.pt\/pt-pt\/wp-json\/wp\/v2\/pages\/770","targetHints":{"allow":["GET"]}}],"collection":[{"href":"https:\/\/ghostsoul.pt\/pt-pt\/wp-json\/wp\/v2\/pages"}],"about":[{"href":"https:\/\/ghostsoul.pt\/pt-pt\/wp-json\/wp\/v2\/types\/page"}],"author":[{"embeddable":true,"href":"https:\/\/ghostsoul.pt\/pt-pt\/wp-json\/wp\/v2\/users\/3"}],"replies":[{"embeddable":true,"href":"https:\/\/ghostsoul.pt\/pt-pt\/wp-json\/wp\/v2\/comments?post=770"}],"version-history":[{"count":7,"href":"https:\/\/ghostsoul.pt\/pt-pt\/wp-json\/wp\/v2\/pages\/770\/revisions"}],"predecessor-version":[{"id":3481,"href":"https:\/\/ghostsoul.pt\/pt-pt\/wp-json\/wp\/v2\/pages\/770\/revisions\/3481"}],"wp:attachment":[{"href":"https:\/\/ghostsoul.pt\/pt-pt\/wp-json\/wp\/v2\/media?parent=770"}],"curies":[{"name":"wp","href":"https:\/\/api.w.org\/{rel}","templated":true}]}}