
{"id":760,"date":"2021-09-15T15:08:23","date_gmt":"2021-09-15T14:08:23","guid":{"rendered":"https:\/\/ghostsoul.pt\/?page_id=760"},"modified":"2022-05-09T09:54:25","modified_gmt":"2022-05-09T08:54:25","slug":"onde-estamos","status":"publish","type":"page","link":"https:\/\/ghostsoul.pt\/pt-pt\/onde-estamos\/","title":{"rendered":"Onde Estamos"},"content":{"rendered":"\t\t<div data-elementor-type=\"wp-page\" data-elementor-id=\"760\" class=\"elementor elementor-760 elementor-50\" data-elementor-settings=\"[]\">\n\t\t\t\t\t\t\t<div class=\"elementor-section-wrap\">\n\t\t\t\t\t\t\t<section class=\"elementor-section elementor-top-section elementor-element elementor-element-eb8b31b elementor-section-boxed elementor-section-height-default elementor-section-height-default\" data-id=\"eb8b31b\" data-element_type=\"section\">\n\t\t\t\t\t\t<div class=\"elementor-container elementor-column-gap-default\">\n\t\t\t\t\t<div class=\"elementor-column elementor-col-100 elementor-top-column elementor-element elementor-element-c834ab1\" data-id=\"c834ab1\" data-element_type=\"column\">\n\t\t\t<div class=\"elementor-widget-wrap elementor-element-populated\">\n\t\t\t\t\t\t\t\t<div class=\"elementor-element elementor-element-49ddacd elementor-widget elementor-widget-spacer\" data-id=\"49ddacd\" data-element_type=\"widget\" data-widget_type=\"spacer.default\">\n\t\t\t\t<div class=\"elementor-widget-container\">\n\t\t\t\t\t<div class=\"elementor-spacer\">\n\t\t\t<div class=\"elementor-spacer-inner\"><\/div>\n\t\t<\/div>\n\t\t\t\t<\/div>\n\t\t\t\t<\/div>\n\t\t\t\t<div class=\"elementor-element elementor-element-ff4734f elementor-widget elementor-widget-heading\" data-id=\"ff4734f\" data-element_type=\"widget\" data-widget_type=\"heading.default\">\n\t\t\t\t<div class=\"elementor-widget-container\">\n\t\t\t<h2 class=\"elementor-heading-title elementor-size-default\">\nOnde Estamos<\/h2>\t\t<\/div>\n\t\t\t\t<\/div>\n\t\t\t\t<div class=\"elementor-element elementor-element-66b14b1 elementor-widget elementor-widget-text-editor\" data-id=\"66b14b1\" data-element_type=\"widget\" data-widget_type=\"text-editor.default\">\n\t\t\t\t<div class=\"elementor-widget-container\">\n\t\t\t\t\t\t\t\t<p><\/p><p><\/p><p><\/p><p id=\"tw-target-text\" class=\"tw-data-text tw-text-large XcVN5d tw-ta\" dir=\"ltr\" data-placeholder=\"Tradu\u00e7\u00e3o\"><span class=\"Y2IQFc\" lang=\"pt\">Ghost Soul est\u00e1 sediada em Portugal. Com uma longa tradi\u00e7\u00e3o na ind\u00fastria t\u00eaxtil, Portugal exporta pe\u00e7as t\u00eaxteis excepcionais e distintas. As melhores marcas de designers internacionais s\u00e3o atra\u00eddas para Portugal n\u00e3o s\u00f3 para produzir as suas roupas, mas tamb\u00e9m para comprar os materiais para as suas cole\u00e7\u00f5es. A ind\u00fastria t\u00eaxtil portuguesa \u00e9 mundialmente conhecida pelo elevado padr\u00e3o de fabrico. Como parte da UE, podemos enviar produtos para muitos pa\u00edses sem impostos, de modo que voc\u00ea recebe suas t-shirts de maneira r\u00e1pida e mais barata.<\/span><\/p><p><\/p>\t\t\t\t\t\t<\/div>\n\t\t\t\t<\/div>\n\t\t\t\t\t<\/div>\n\t\t<\/div>\n\t\t\t\t\t\t\t<\/div>\n\t\t<\/section>\n\t\t\t\t\t\t<\/div>\n\t\t\t\t\t<\/div>\n\t\t","protected":false},"excerpt":{"rendered":"<p>Onde Estamos Ghost Soul est\u00e1 sediada em Portugal. Com uma longa tradi\u00e7\u00e3o na ind\u00fastria t\u00eaxtil, Portugal exporta pe\u00e7as t\u00eaxteis excepcionais e distintas. As melhores marcas de designers internacionais s\u00e3o atra\u00eddas para Portugal n\u00e3o s\u00f3 para produzir as suas roupas, mas tamb\u00e9m para comprar os materiais para as suas cole\u00e7\u00f5es. A ind\u00fastria t\u00eaxtil portuguesa \u00e9 mundialmente [&hellip;]<\/p>\n","protected":false},"author":3,"featured_media":0,"parent":0,"menu_order":0,"comment_status":"closed","ping_status":"closed","template":"","meta":{"footnotes":""},"class_list":["post-760","page","type-page","status-publish","hentry"],"_links":{"self":[{"href":"https:\/\/ghostsoul.pt\/pt-pt\/wp-json\/wp\/v2\/pages\/760","targetHints":{"allow":["GET"]}}],"collection":[{"href":"https:\/\/ghostsoul.pt\/pt-pt\/wp-json\/wp\/v2\/pages"}],"about":[{"href":"https:\/\/ghostsoul.pt\/pt-pt\/wp-json\/wp\/v2\/types\/page"}],"author":[{"embeddable":true,"href":"https:\/\/ghostsoul.pt\/pt-pt\/wp-json\/wp\/v2\/users\/3"}],"replies":[{"embeddable":true,"href":"https:\/\/ghostsoul.pt\/pt-pt\/wp-json\/wp\/v2\/comments?post=760"}],"version-history":[{"count":10,"href":"https:\/\/ghostsoul.pt\/pt-pt\/wp-json\/wp\/v2\/pages\/760\/revisions"}],"predecessor-version":[{"id":3475,"href":"https:\/\/ghostsoul.pt\/pt-pt\/wp-json\/wp\/v2\/pages\/760\/revisions\/3475"}],"wp:attachment":[{"href":"https:\/\/ghostsoul.pt\/pt-pt\/wp-json\/wp\/v2\/media?parent=760"}],"curies":[{"name":"wp","href":"https:\/\/api.w.org\/{rel}","templated":true}]}}