
{"id":758,"date":"2021-09-15T15:07:38","date_gmt":"2021-09-15T14:07:38","guid":{"rendered":"https:\/\/ghostsoul.pt\/?page_id=758"},"modified":"2022-04-29T13:51:33","modified_gmt":"2022-04-29T12:51:33","slug":"termos-e-condicoes","status":"publish","type":"page","link":"https:\/\/ghostsoul.pt\/pt-pt\/termos-e-condicoes\/","title":{"rendered":"Termos e Condi\u00e7\u00f5es"},"content":{"rendered":"\t\t<div data-elementor-type=\"wp-page\" data-elementor-id=\"758\" class=\"elementor elementor-758 elementor-54\" data-elementor-settings=\"[]\">\n\t\t\t\t\t\t\t<div class=\"elementor-section-wrap\">\n\t\t\t\t\t\t\t<section class=\"elementor-section elementor-top-section elementor-element elementor-element-bb50d88 elementor-section-boxed elementor-section-height-default elementor-section-height-default\" data-id=\"bb50d88\" data-element_type=\"section\">\n\t\t\t\t\t\t<div class=\"elementor-container elementor-column-gap-default\">\n\t\t\t\t\t<div class=\"elementor-column elementor-col-100 elementor-top-column elementor-element elementor-element-53c484b\" data-id=\"53c484b\" data-element_type=\"column\">\n\t\t\t<div class=\"elementor-widget-wrap elementor-element-populated\">\n\t\t\t\t\t\t\t\t<div class=\"elementor-element elementor-element-79a3fd2 elementor-widget elementor-widget-text-editor\" data-id=\"79a3fd2\" data-element_type=\"widget\" data-widget_type=\"text-editor.default\">\n\t\t\t\t<div class=\"elementor-widget-container\">\n\t\t\t\t\t\t\t\t<p><strong>Objetivo<\/strong><br>As condi\u00e7\u00f5es abaixo referidas regularizam a utiliza\u00e7\u00e3o do site www.ghostsoul.pt e a aquisi\u00e7\u00e3o dos produtos presentes assim como o pedido de servi\u00e7os de personaliza\u00e7\u00e3o.<br>A utiliza\u00e7\u00e3o ou aquisi\u00e7\u00e3o dos produtos ou servi\u00e7os admite a aceita\u00e7\u00e3o das condi\u00e7\u00f5es abaixo mencionadas. Condi\u00e7\u00f5es estas que podem sofrer altera\u00e7\u00e3o sem aviso pr\u00e9vio, sendo que o cliente deve considerar a leitura das mesmas antes de proceder a qualquer pedido. <\/p>\n<p><strong>Meios de contacto<\/strong><br>Caso pretenda entrar em contacto pode utilizar um dos seguintes meios abaixo referidos:<br>Morada de Correspond\u00eancia: Rua Joaquim Castro Gomes 631 \/ Tamel S. Ver\u00edssimo \/ 4750-872 Barcelos &#8211; Portugal<br>Email: info@ghostsoul.pt<br>Telefone: +351 253 849 000 &#8211; De segunda a sexta das 08h \u00e0s 12h e das 13:30h as 17:30h<\/p>\n<p><strong>A utiliza\u00e7\u00e3o do Site Web<\/strong><br>Ao aceder ao site da Ghost Soul o cliente compromete-se a:<br>\u2022 Utilizar o S\u00edtio Web para navegar pelo mesmo ou efetuar encomendas legalmente v\u00e1lidas.<br>\u2022 N\u00e3o efetuar nenhuma encomenda falsa ou fraudulenta.<br>\u2022 Facilitar-nos o seu endere\u00e7o de correio, endere\u00e7o postal e\/ou qualquer outro dado que possa ser necess\u00e1rio para a correta formaliza\u00e7\u00e3o da encomenda de modo verdadeiro e exato. Igualmente, consente que possamos utilizar essa informa\u00e7\u00e3o de acordo com a Pol\u00edtica de Privacidade.<\/p>\n<p><strong>Pre\u00e7os apresentados<\/strong><br>Os pre\u00e7os devem entender-se em euros e incluem o IVA (imposto de valor acrescentado) aplic\u00e1vel \u00e0 data da fatura, mas n\u00e3o incluem as despesas de envio as quais ser\u00e3o acrescentadas ao finalizar a encomenda. Qualquer modifica\u00e7\u00e3o do tipo de IVA aplic\u00e1vel ser\u00e1 refletida nos pre\u00e7os dos produtos.<br>A Ghost Soul reserva-se no direito de altera\u00e7\u00e3o de pre\u00e7os e especifica\u00e7\u00f5es a qualquer altura assim como declina qualquer erro de pre\u00e7os ou especifica\u00e7\u00f5es por eventuais erros publicados no site. No tratamento da sua encomenda todo e qualquer erro de pre\u00e7os que eventualmente possa estar a ser apresentado no site devido a anomalias t\u00e9cnicas ser\u00e1 detetado. Nesta situa\u00e7\u00e3o o cliente \u00e9 contactado. Se o pre\u00e7o do produto apresentado no s\u00edtio for na realidade mais baixo, a diferen\u00e7a \u00e9 devolvida. Se o pre\u00e7o for superior o cliente ser\u00e1 contactado e reserva-se no direito de aceitar ou cancelar a encomenda.<\/p>\t\t\t\t\t\t<\/div>\n\t\t\t\t<\/div>\n\t\t\t\t\t<\/div>\n\t\t<\/div>\n\t\t\t\t\t\t\t<\/div>\n\t\t<\/section>\n\t\t\t\t\t\t<\/div>\n\t\t\t\t\t<\/div>\n\t\t","protected":false},"excerpt":{"rendered":"<p>ObjetivoAs condi\u00e7\u00f5es abaixo referidas regularizam a utiliza\u00e7\u00e3o do site www.ghostsoul.pt e a aquisi\u00e7\u00e3o dos produtos presentes assim como o pedido de servi\u00e7os de personaliza\u00e7\u00e3o.A utiliza\u00e7\u00e3o ou aquisi\u00e7\u00e3o dos produtos ou servi\u00e7os admite a aceita\u00e7\u00e3o das condi\u00e7\u00f5es abaixo mencionadas. Condi\u00e7\u00f5es estas que podem sofrer altera\u00e7\u00e3o sem aviso pr\u00e9vio, sendo que o cliente deve considerar a leitura [&hellip;]<\/p>\n","protected":false},"author":3,"featured_media":0,"parent":0,"menu_order":0,"comment_status":"closed","ping_status":"closed","template":"","meta":{"footnotes":""},"class_list":["post-758","page","type-page","status-publish","hentry"],"_links":{"self":[{"href":"https:\/\/ghostsoul.pt\/pt-pt\/wp-json\/wp\/v2\/pages\/758","targetHints":{"allow":["GET"]}}],"collection":[{"href":"https:\/\/ghostsoul.pt\/pt-pt\/wp-json\/wp\/v2\/pages"}],"about":[{"href":"https:\/\/ghostsoul.pt\/pt-pt\/wp-json\/wp\/v2\/types\/page"}],"author":[{"embeddable":true,"href":"https:\/\/ghostsoul.pt\/pt-pt\/wp-json\/wp\/v2\/users\/3"}],"replies":[{"embeddable":true,"href":"https:\/\/ghostsoul.pt\/pt-pt\/wp-json\/wp\/v2\/comments?post=758"}],"version-history":[{"count":10,"href":"https:\/\/ghostsoul.pt\/pt-pt\/wp-json\/wp\/v2\/pages\/758\/revisions"}],"predecessor-version":[{"id":3393,"href":"https:\/\/ghostsoul.pt\/pt-pt\/wp-json\/wp\/v2\/pages\/758\/revisions\/3393"}],"wp:attachment":[{"href":"https:\/\/ghostsoul.pt\/pt-pt\/wp-json\/wp\/v2\/media?parent=758"}],"curies":[{"name":"wp","href":"https:\/\/api.w.org\/{rel}","templated":true}]}}