
{"id":752,"date":"2021-09-15T14:45:06","date_gmt":"2021-09-15T13:45:06","guid":{"rendered":"https:\/\/ghostsoul.pt\/?page_id=752"},"modified":"2022-06-29T15:42:44","modified_gmt":"2022-06-29T14:42:44","slug":"guia-tamanhos","status":"publish","type":"page","link":"https:\/\/ghostsoul.pt\/pt-pt\/guia-tamanhos\/","title":{"rendered":"Tamanhos"},"content":{"rendered":"\t\t<div data-elementor-type=\"wp-page\" data-elementor-id=\"752\" class=\"elementor elementor-752 elementor-208\" data-elementor-settings=\"[]\">\n\t\t\t\t\t\t\t<div class=\"elementor-section-wrap\">\n\t\t\t\t\t\t\t<section class=\"elementor-section elementor-top-section elementor-element elementor-element-31f2d91 elementor-section-boxed elementor-section-height-default elementor-section-height-default\" data-id=\"31f2d91\" data-element_type=\"section\">\n\t\t\t\t\t\t<div class=\"elementor-container elementor-column-gap-default\">\n\t\t\t\t\t<div class=\"elementor-column elementor-col-100 elementor-top-column elementor-element elementor-element-6e25120\" data-id=\"6e25120\" data-element_type=\"column\">\n\t\t\t<div class=\"elementor-widget-wrap elementor-element-populated\">\n\t\t\t\t\t\t\t\t<div class=\"elementor-element elementor-element-880117a elementor-widget elementor-widget-heading\" data-id=\"880117a\" data-element_type=\"widget\" data-widget_type=\"heading.default\">\n\t\t\t\t<div class=\"elementor-widget-container\">\n\t\t\t<h2 class=\"elementor-heading-title elementor-size-xl\">GUIA TAMANHOS<\/h2>\t\t<\/div>\n\t\t\t\t<\/div>\n\t\t\t\t\t<\/div>\n\t\t<\/div>\n\t\t\t\t\t\t\t<\/div>\n\t\t<\/section>\n\t\t\t\t<section class=\"elementor-section elementor-top-section elementor-element elementor-element-6ae5169 elementor-section-boxed elementor-section-height-default elementor-section-height-default\" data-id=\"6ae5169\" data-element_type=\"section\">\n\t\t\t\t\t\t<div class=\"elementor-container elementor-column-gap-default\">\n\t\t\t\t\t<div class=\"elementor-column elementor-col-100 elementor-top-column elementor-element elementor-element-ed64c25\" data-id=\"ed64c25\" data-element_type=\"column\">\n\t\t\t<div class=\"elementor-widget-wrap elementor-element-populated\">\n\t\t\t\t\t\t\t\t<div class=\"elementor-element elementor-element-4816e79 elementor-widget elementor-widget-heading\" data-id=\"4816e79\" data-element_type=\"widget\" data-widget_type=\"heading.default\">\n\t\t\t\t<div class=\"elementor-widget-container\">\n\t\t\t<h2 class=\"elementor-heading-title elementor-size-default\">T-SHIRT \/ MAN<\/h2>\t\t<\/div>\n\t\t\t\t<\/div>\n\t\t\t\t\t<\/div>\n\t\t<\/div>\n\t\t\t\t\t\t\t<\/div>\n\t\t<\/section>\n\t\t\t\t<section class=\"elementor-section elementor-top-section elementor-element elementor-element-c30280c elementor-section-boxed elementor-section-height-default elementor-section-height-default\" data-id=\"c30280c\" data-element_type=\"section\">\n\t\t\t\t\t\t<div class=\"elementor-container elementor-column-gap-default\">\n\t\t\t\t\t<div class=\"elementor-column elementor-col-100 elementor-top-column elementor-element elementor-element-54accfb\" data-id=\"54accfb\" data-element_type=\"column\">\n\t\t\t<div class=\"elementor-widget-wrap elementor-element-populated\">\n\t\t\t\t\t\t\t\t<section class=\"elementor-section elementor-inner-section elementor-element elementor-element-7b80abd elementor-section-boxed elementor-section-height-default elementor-section-height-default\" data-id=\"7b80abd\" data-element_type=\"section\">\n\t\t\t\t\t\t<div class=\"elementor-container elementor-column-gap-default\">\n\t\t\t\t\t<div class=\"elementor-column elementor-col-50 elementor-inner-column elementor-element elementor-element-843d9f5\" data-id=\"843d9f5\" data-element_type=\"column\">\n\t\t\t<div class=\"elementor-widget-wrap elementor-element-populated\">\n\t\t\t\t\t\t\t\t<div class=\"elementor-element elementor-element-30e1fd8 elementor-widget elementor-widget-image\" data-id=\"30e1fd8\" data-element_type=\"widget\" data-widget_type=\"image.default\">\n\t\t\t\t<div class=\"elementor-widget-container\">\n\t\t\t\t\t\t\t\t\t\t\t\t\t\t\t<img loading=\"lazy\" decoding=\"async\" width=\"300\" height=\"320\" src=\"https:\/\/ghostsoul.pt\/wp-content\/uploads\/2021\/07\/size-men.jpg\" class=\"attachment-large size-large\" alt=\"\" \/>\t\t\t\t\t\t\t\t\t\t\t\t\t\t\t<\/div>\n\t\t\t\t<\/div>\n\t\t\t\t\t<\/div>\n\t\t<\/div>\n\t\t\t\t<div class=\"elementor-column elementor-col-50 elementor-inner-column elementor-element elementor-element-60a7273\" data-id=\"60a7273\" data-element_type=\"column\">\n\t\t\t<div class=\"elementor-widget-wrap elementor-element-populated\">\n\t\t\t\t\t\t\t\t<div class=\"elementor-element elementor-element-ea77e53 elementor-widget elementor-widget-html\" data-id=\"ea77e53\" data-element_type=\"widget\" data-widget_type=\"html.default\">\n\t\t\t\t<div class=\"elementor-widget-container\">\n\t\t\t<table width=\"100%\" border=\"2\" cellspacing=\"0\" cellpadding=\"5\">\r\n  <tr>\r\n    <td>&nbsp;<\/td>\r\n    \r\n    <td>S<\/td>\r\n    <td>M<\/td>\r\n    <td>L<\/td>\r\n    <td>XL<\/td>\r\n  <\/tr>\r\n  <tr>\r\n    <td>CHEST<\/td>\r\n    \r\n    <td>53cm<\/td>\r\n    <td>56cm<\/td>\r\n    <td>59.5cm<\/td>\r\n    <td>61cm<\/td>\r\n  <\/tr>\r\n  <tr>\r\n    <td>HEIGHT<\/td>\r\n    \r\n    <td>72cm<\/td>\r\n    <td>74cm<\/td>\r\n    <td>76.5cm<\/td>\r\n    <td>79cm<\/td>\r\n  <\/tr>\r\n<\/table>\t\t<\/div>\n\t\t\t\t<\/div>\n\t\t\t\t\t<\/div>\n\t\t<\/div>\n\t\t\t\t\t\t\t<\/div>\n\t\t<\/section>\n\t\t\t\t\t<\/div>\n\t\t<\/div>\n\t\t\t\t\t\t\t<\/div>\n\t\t<\/section>\n\t\t\t\t<section class=\"elementor-section elementor-top-section elementor-element elementor-element-3815d39 elementor-section-boxed elementor-section-height-default elementor-section-height-default\" data-id=\"3815d39\" data-element_type=\"section\">\n\t\t\t\t\t\t<div class=\"elementor-container elementor-column-gap-default\">\n\t\t\t\t\t<div class=\"elementor-column elementor-col-100 elementor-top-column elementor-element elementor-element-ddd131b\" data-id=\"ddd131b\" data-element_type=\"column\">\n\t\t\t<div class=\"elementor-widget-wrap elementor-element-populated\">\n\t\t\t\t\t\t\t\t<div class=\"elementor-element elementor-element-b7671ca elementor-widget elementor-widget-heading\" data-id=\"b7671ca\" data-element_type=\"widget\" data-widget_type=\"heading.default\">\n\t\t\t\t<div class=\"elementor-widget-container\">\n\t\t\t<h2 class=\"elementor-heading-title elementor-size-default\">T-SHIRT \/ WOMAN<\/h2>\t\t<\/div>\n\t\t\t\t<\/div>\n\t\t\t\t\t<\/div>\n\t\t<\/div>\n\t\t\t\t\t\t\t<\/div>\n\t\t<\/section>\n\t\t\t\t<section class=\"elementor-section elementor-top-section elementor-element elementor-element-0d3513a elementor-section-boxed elementor-section-height-default elementor-section-height-default\" data-id=\"0d3513a\" data-element_type=\"section\">\n\t\t\t\t\t\t<div class=\"elementor-container elementor-column-gap-default\">\n\t\t\t\t\t<div class=\"elementor-column elementor-col-100 elementor-top-column elementor-element elementor-element-f9c27a4\" data-id=\"f9c27a4\" data-element_type=\"column\">\n\t\t\t<div class=\"elementor-widget-wrap elementor-element-populated\">\n\t\t\t\t\t\t\t\t<section class=\"elementor-section elementor-inner-section elementor-element elementor-element-5fa3415 elementor-section-boxed elementor-section-height-default elementor-section-height-default\" data-id=\"5fa3415\" data-element_type=\"section\">\n\t\t\t\t\t\t<div class=\"elementor-container elementor-column-gap-default\">\n\t\t\t\t\t<div class=\"elementor-column elementor-col-50 elementor-inner-column elementor-element elementor-element-04dd454\" data-id=\"04dd454\" data-element_type=\"column\">\n\t\t\t<div class=\"elementor-widget-wrap elementor-element-populated\">\n\t\t\t\t\t\t\t\t<div class=\"elementor-element elementor-element-a02595f elementor-widget elementor-widget-image\" data-id=\"a02595f\" data-element_type=\"widget\" data-widget_type=\"image.default\">\n\t\t\t\t<div class=\"elementor-widget-container\">\n\t\t\t\t\t\t\t\t\t\t\t\t\t\t\t<img loading=\"lazy\" decoding=\"async\" width=\"300\" height=\"320\" src=\"https:\/\/ghostsoul.pt\/wp-content\/uploads\/2021\/07\/size-men.jpg\" class=\"attachment-large size-large\" alt=\"\" \/>\t\t\t\t\t\t\t\t\t\t\t\t\t\t\t<\/div>\n\t\t\t\t<\/div>\n\t\t\t\t\t<\/div>\n\t\t<\/div>\n\t\t\t\t<div class=\"elementor-column elementor-col-50 elementor-inner-column elementor-element elementor-element-e845989\" data-id=\"e845989\" data-element_type=\"column\">\n\t\t\t<div class=\"elementor-widget-wrap elementor-element-populated\">\n\t\t\t\t\t\t\t\t<div class=\"elementor-element elementor-element-d8dc652 elementor-widget elementor-widget-html\" data-id=\"d8dc652\" data-element_type=\"widget\" data-widget_type=\"html.default\">\n\t\t\t\t<div class=\"elementor-widget-container\">\n\t\t\t<table width=\"100%\" border=\"2\" cellspacing=\"0\" cellpadding=\"5\">\r\n  <tr>\r\n    <td>&nbsp;<\/td>\r\n    \r\n    <td>S<\/td>\r\n    <td>M<\/td>\r\n    <td>L<\/td>\r\n    <td>XL<\/td>\r\n  <\/tr>\r\n  <tr>\r\n    <td>CHEST<\/td>\r\n    \r\n    <td>50cm<\/td>\r\n    <td>52cm<\/td>\r\n    <td>54cm<\/td>\r\n    <td>56cm<\/td>\r\n  <\/tr>\r\n  <tr>\r\n    <td>HEIGHT<\/td>\r\n    \r\n    <td>62cm<\/td>\r\n    <td>64cm<\/td>\r\n    <td>66cm<\/td>\r\n    <td>68cm<\/td>\r\n  <\/tr>\r\n<\/table>\t\t<\/div>\n\t\t\t\t<\/div>\n\t\t\t\t\t<\/div>\n\t\t<\/div>\n\t\t\t\t\t\t\t<\/div>\n\t\t<\/section>\n\t\t\t\t\t<\/div>\n\t\t<\/div>\n\t\t\t\t\t\t\t<\/div>\n\t\t<\/section>\n\t\t\t\t<section class=\"elementor-section elementor-top-section elementor-element elementor-element-e30e219 elementor-section-boxed elementor-section-height-default elementor-section-height-default\" data-id=\"e30e219\" data-element_type=\"section\">\n\t\t\t\t\t\t<div class=\"elementor-container elementor-column-gap-default\">\n\t\t\t\t\t<div class=\"elementor-column elementor-col-100 elementor-top-column elementor-element elementor-element-0e7e922\" data-id=\"0e7e922\" data-element_type=\"column\">\n\t\t\t<div class=\"elementor-widget-wrap elementor-element-populated\">\n\t\t\t\t\t\t\t\t<div class=\"elementor-element elementor-element-9bd020e elementor-widget elementor-widget-heading\" data-id=\"9bd020e\" data-element_type=\"widget\" data-widget_type=\"heading.default\">\n\t\t\t\t<div class=\"elementor-widget-container\">\n\t\t\t<h2 class=\"elementor-heading-title elementor-size-default\"><h2>SWEAT SHIRT \/ MAN &amp; WOMAN<\/h2><\/h2>\t\t<\/div>\n\t\t\t\t<\/div>\n\t\t\t\t\t<\/div>\n\t\t<\/div>\n\t\t\t\t\t\t\t<\/div>\n\t\t<\/section>\n\t\t\t\t<section class=\"elementor-section elementor-top-section elementor-element elementor-element-4ef70e7 elementor-section-boxed elementor-section-height-default elementor-section-height-default\" data-id=\"4ef70e7\" data-element_type=\"section\">\n\t\t\t\t\t\t<div class=\"elementor-container elementor-column-gap-default\">\n\t\t\t\t\t<div class=\"elementor-column elementor-col-100 elementor-top-column elementor-element elementor-element-c1f93ec\" data-id=\"c1f93ec\" data-element_type=\"column\">\n\t\t\t<div class=\"elementor-widget-wrap elementor-element-populated\">\n\t\t\t\t\t\t\t\t<section class=\"elementor-section elementor-inner-section elementor-element elementor-element-cd0f648 elementor-section-boxed elementor-section-height-default elementor-section-height-default\" data-id=\"cd0f648\" data-element_type=\"section\">\n\t\t\t\t\t\t<div class=\"elementor-container elementor-column-gap-default\">\n\t\t\t\t\t<div class=\"elementor-column elementor-col-50 elementor-inner-column elementor-element elementor-element-5bec72a\" data-id=\"5bec72a\" data-element_type=\"column\">\n\t\t\t<div class=\"elementor-widget-wrap elementor-element-populated\">\n\t\t\t\t\t\t\t\t<div class=\"elementor-element elementor-element-224e3d6 elementor-widget elementor-widget-image\" data-id=\"224e3d6\" data-element_type=\"widget\" data-widget_type=\"image.default\">\n\t\t\t\t<div class=\"elementor-widget-container\">\n\t\t\t\t\t\t\t\t\t\t\t\t\t\t\t<img loading=\"lazy\" decoding=\"async\" width=\"300\" height=\"320\" src=\"https:\/\/ghostsoul.pt\/wp-content\/uploads\/2022\/04\/size-sweat.jpg\" class=\"attachment-large size-large\" alt=\"\" \/>\t\t\t\t\t\t\t\t\t\t\t\t\t\t\t<\/div>\n\t\t\t\t<\/div>\n\t\t\t\t\t<\/div>\n\t\t<\/div>\n\t\t\t\t<div class=\"elementor-column elementor-col-50 elementor-inner-column elementor-element elementor-element-bdd7fd8\" data-id=\"bdd7fd8\" data-element_type=\"column\">\n\t\t\t<div class=\"elementor-widget-wrap elementor-element-populated\">\n\t\t\t\t\t\t\t\t<div class=\"elementor-element elementor-element-186e52d elementor-widget elementor-widget-html\" data-id=\"186e52d\" data-element_type=\"widget\" data-widget_type=\"html.default\">\n\t\t\t\t<div class=\"elementor-widget-container\">\n\t\t\t<table width=\"100%\" border=\"2\" cellspacing=\"0\" cellpadding=\"5\">\r\n  <tr>\r\n    <td>&nbsp;<\/td>\r\n    \r\n    <td>S<\/td>\r\n    <td>M<\/td>\r\n    <td>L<\/td>\r\n    <td>XL<\/td>\r\n  <\/tr>\r\n  <tr>\r\n    <td>CHEST<\/td>\r\n    \r\n    <td>53cm<\/td>\r\n    <td>55cm<\/td>\r\n    <td>57cm<\/td>\r\n    <td>59cm<\/td>\r\n  <\/tr>\r\n  <tr>\r\n    <td>HEIGHT<\/td>\r\n   \r\n    <td>72cm<\/td>\r\n    <td>74cm<\/td>\r\n    <td>76cm<\/td>\r\n    <td>78cm<\/td>\r\n  <\/tr>\r\n<\/table>\t\t<\/div>\n\t\t\t\t<\/div>\n\t\t\t\t\t<\/div>\n\t\t<\/div>\n\t\t\t\t\t\t\t<\/div>\n\t\t<\/section>\n\t\t\t\t<div class=\"elementor-element elementor-element-46f35ad elementor-widget elementor-widget-image\" data-id=\"46f35ad\" data-element_type=\"widget\" data-widget_type=\"image.default\">\n\t\t\t\t<div class=\"elementor-widget-container\">\n\t\t\t\t\t\t\t\t\t\t\t\t\t\t\t<img decoding=\"async\" src=\"https:\/\/ghostsoul.pt\/wp-content\/uploads\/2021\/11\/tabela-homem-pt.jpg\" title=\"\" alt=\"\" \/>\t\t\t\t\t\t\t\t\t\t\t\t\t\t\t<\/div>\n\t\t\t\t<\/div>\n\t\t\t\t<div class=\"elementor-element elementor-element-a9e5b6e elementor-widget elementor-widget-image\" data-id=\"a9e5b6e\" data-element_type=\"widget\" data-widget_type=\"image.default\">\n\t\t\t\t<div class=\"elementor-widget-container\">\n\t\t\t\t\t\t\t\t\t\t\t\t\t\t\t<img decoding=\"async\" src=\"https:\/\/ghostsoul.pt\/wp-content\/uploads\/2021\/11\/tabela-homem-pt.jpg\" title=\"\" alt=\"\" \/>\t\t\t\t\t\t\t\t\t\t\t\t\t\t\t<\/div>\n\t\t\t\t<\/div>\n\t\t\t\t\t<\/div>\n\t\t<\/div>\n\t\t\t\t\t\t\t<\/div>\n\t\t<\/section>\n\t\t\t\t<section class=\"elementor-section elementor-top-section elementor-element elementor-element-4d383cd elementor-section-boxed elementor-section-height-default elementor-section-height-default\" data-id=\"4d383cd\" data-element_type=\"section\">\n\t\t\t\t\t\t<div class=\"elementor-container elementor-column-gap-default\">\n\t\t\t\t\t<div class=\"elementor-column elementor-col-100 elementor-top-column elementor-element elementor-element-7952dd1\" data-id=\"7952dd1\" data-element_type=\"column\">\n\t\t\t<div class=\"elementor-widget-wrap elementor-element-populated\">\n\t\t\t\t\t\t\t\t<div class=\"elementor-element elementor-element-22ae182 elementor-widget elementor-widget-heading\" data-id=\"22ae182\" data-element_type=\"widget\" data-widget_type=\"heading.default\">\n\t\t\t\t<div class=\"elementor-widget-container\">\n\t\t\t<h2 class=\"elementor-heading-title elementor-size-default\">INDICA\u00c7\u00d5ES DE LAVAGEM<\/h2>\t\t<\/div>\n\t\t\t\t<\/div>\n\t\t\t\t\t<\/div>\n\t\t<\/div>\n\t\t\t\t\t\t\t<\/div>\n\t\t<\/section>\n\t\t\t\t<section class=\"elementor-section elementor-top-section elementor-element elementor-element-a19cd7f elementor-section-boxed elementor-section-height-default elementor-section-height-default\" data-id=\"a19cd7f\" data-element_type=\"section\">\n\t\t\t\t\t\t<div class=\"elementor-container elementor-column-gap-default\">\n\t\t\t\t\t<div class=\"elementor-column elementor-col-100 elementor-top-column elementor-element elementor-element-bb6c127\" data-id=\"bb6c127\" data-element_type=\"column\">\n\t\t\t<div class=\"elementor-widget-wrap elementor-element-populated\">\n\t\t\t\t\t\t\t\t<div class=\"elementor-element elementor-element-9b1d1d0 elementor-widget elementor-widget-text-editor\" data-id=\"9b1d1d0\" data-element_type=\"widget\" data-widget_type=\"text-editor.default\">\n\t\t\t\t<div class=\"elementor-widget-container\">\n\t\t\t\t\t\t\t\t<ul><li><h6>Centrifuga\u00e7\u00e3o m\u00e9dia.<\/h6><\/li><li><h6>N\u00e3o utilizar lixivia\/branqueador.<\/h6><\/li><li><h6>N\u00e3o limpar a secar.<\/h6><\/li><li><h6>N\u00e3u usar m\u00e1quina de secar.<\/h6><\/li><\/ul>\t\t\t\t\t\t<\/div>\n\t\t\t\t<\/div>\n\t\t\t\t\t<\/div>\n\t\t<\/div>\n\t\t\t\t\t\t\t<\/div>\n\t\t<\/section>\n\t\t\t\t\t\t<\/div>\n\t\t\t\t\t<\/div>\n\t\t","protected":false},"excerpt":{"rendered":"<p>GUIA TAMANHOS T-SHIRT \/ MAN &nbsp; S M L XL CHEST 53cm 56cm 59.5cm 61cm HEIGHT 72cm 74cm 76.5cm 79cm T-SHIRT \/ WOMAN &nbsp; S M L XL CHEST 50cm 52cm 54cm 56cm HEIGHT 62cm 64cm 66cm 68cm SWEAT SHIRT \/ MAN &amp; WOMAN &nbsp; S M L XL CHEST 53cm 55cm 57cm 59cm HEIGHT [&hellip;]<\/p>\n","protected":false},"author":3,"featured_media":0,"parent":0,"menu_order":0,"comment_status":"closed","ping_status":"closed","template":"","meta":{"footnotes":""},"class_list":["post-752","page","type-page","status-publish","hentry"],"_links":{"self":[{"href":"https:\/\/ghostsoul.pt\/pt-pt\/wp-json\/wp\/v2\/pages\/752","targetHints":{"allow":["GET"]}}],"collection":[{"href":"https:\/\/ghostsoul.pt\/pt-pt\/wp-json\/wp\/v2\/pages"}],"about":[{"href":"https:\/\/ghostsoul.pt\/pt-pt\/wp-json\/wp\/v2\/types\/page"}],"author":[{"embeddable":true,"href":"https:\/\/ghostsoul.pt\/pt-pt\/wp-json\/wp\/v2\/users\/3"}],"replies":[{"embeddable":true,"href":"https:\/\/ghostsoul.pt\/pt-pt\/wp-json\/wp\/v2\/comments?post=752"}],"version-history":[{"count":36,"href":"https:\/\/ghostsoul.pt\/pt-pt\/wp-json\/wp\/v2\/pages\/752\/revisions"}],"predecessor-version":[{"id":3924,"href":"https:\/\/ghostsoul.pt\/pt-pt\/wp-json\/wp\/v2\/pages\/752\/revisions\/3924"}],"wp:attachment":[{"href":"https:\/\/ghostsoul.pt\/pt-pt\/wp-json\/wp\/v2\/media?parent=752"}],"curies":[{"name":"wp","href":"https:\/\/api.w.org\/{rel}","templated":true}]}}