
{"id":746,"date":"2021-09-15T14:42:11","date_gmt":"2021-09-15T13:42:11","guid":{"rendered":"https:\/\/ghostsoul.pt\/?page_id=746"},"modified":"2022-05-04T09:52:44","modified_gmt":"2022-05-04T08:52:44","slug":"politica-de-privacidade","status":"publish","type":"page","link":"https:\/\/ghostsoul.pt\/pt-pt\/politica-de-privacidade\/","title":{"rendered":"Pol\u00edtica de Privacidade"},"content":{"rendered":"\t\t<div data-elementor-type=\"wp-page\" data-elementor-id=\"746\" class=\"elementor elementor-746 elementor-56\" data-elementor-settings=\"[]\">\n\t\t\t\t\t\t\t<div class=\"elementor-section-wrap\">\n\t\t\t\t\t\t\t<section class=\"elementor-section elementor-top-section elementor-element elementor-element-022d078 elementor-section-boxed elementor-section-height-default elementor-section-height-default\" data-id=\"022d078\" data-element_type=\"section\">\n\t\t\t\t\t\t<div class=\"elementor-container elementor-column-gap-default\">\n\t\t\t\t\t<div class=\"elementor-column elementor-col-100 elementor-top-column elementor-element elementor-element-8cc39c2\" data-id=\"8cc39c2\" data-element_type=\"column\">\n\t\t\t<div class=\"elementor-widget-wrap elementor-element-populated\">\n\t\t\t\t\t\t\t\t<div class=\"elementor-element elementor-element-03b9311 elementor-widget elementor-widget-text-editor\" data-id=\"03b9311\" data-element_type=\"widget\" data-widget_type=\"text-editor.default\">\n\t\t\t\t<div class=\"elementor-widget-container\">\n\t\t\t\t\t\t\t\t<p><strong>OBJETO E \u00c2MBITO DE APLICA\u00c7\u00c3O<\/strong><br>Ao encomendar atrav\u00e9s da loja virtual Ghost Soul est\u00e1 a concordar com todas as informa\u00e7\u00f5es legais prescritas.<\/p>\n<p><strong>DISPONIBILIDADE DOS PRODUTOS<\/strong><br>Na eventual falta de disponibilidade do produto a Ghost Soul compromete-se a informar o utilizador e a reembols\u00e1-lo dos montantes que eventualmente tenha pago, atrav\u00e9s do mesmo m\u00e9todo de pagamento, no prazo m\u00e1ximo de 30 (trinta) dias a contar da data do conhecimento dessa indisponibilidade.<\/p>\n<p><strong>PRE\u00c7OS APRESENTADOS<\/strong><br>Os pre\u00e7os devem entender-se em euros, com taxas e impostos inclu\u00eddos. Os pre\u00e7os apresentados t\u00eam em conta o IVA aplic\u00e1vel \u00e0 data da fatura. Qualquer modifica\u00e7\u00e3o do tipo de IVA aplic\u00e1vel ser\u00e1 refletida nos pre\u00e7os dos produtos. Ap\u00f3s esta data os pre\u00e7os poder\u00e3o ser modificados a qualquer momento. Os pre\u00e7os e especifica\u00e7\u00f5es est\u00e3o sujeitos a altera\u00e7\u00e3o sem aviso pr\u00e9vio. A Ghost Soul declina qualquer responsabilidade por eventuais erros publicados no s\u00edtio. No tratamento da sua encomenda todo e qualquer erro de pre\u00e7os que eventualmente possa estar a ser apresentado no s\u00edtio devido a anomalias t\u00e9cnicas ser\u00e1 detetado. Nesta situa\u00e7\u00e3o o cliente \u00e9 contactado. Se o pre\u00e7o do produto apresentado no s\u00edtio for na realidade mais baixo, a diferen\u00e7a \u00e9 devolvida. Se o pre\u00e7o for superior o cliente ser\u00e1 contactado e poder\u00e1 aceitar ou cancelar a encomenda.<\/p>\n<p><strong>PRIVACIDADE E PROTE\u00c7\u00c3O DE DADOS PESSOAIS<\/strong><br>Os dados recolhidos neste site destinam-se ao processamento das encomendas e comunica\u00e7\u00e3o com os clientes, processamento de pedidos de informa\u00e7\u00e3o e de eventuais reclama\u00e7\u00f5es, an\u00e1lise estat\u00edstica, bem como a respetiva utiliza\u00e7\u00e3o para efeitos de marketing direto. A Ghost Soul garante a confidencialidade de todos os dados fornecidos pelos seus clientes. N\u00e3o obstante a Ghost Soul proceder \u00e0 recolha e ao tratamento de dados de forma segura, que impede a sua perda ou manipula\u00e7\u00e3o, utilizando as t\u00e9cnicas mais aperfei\u00e7oadas para o efeito, informamos que a recolha em rede aberta permite a circula\u00e7\u00e3o dos dados pessoais sem condi\u00e7\u00f5es de seguran\u00e7a, correndo o risco de ser vistos e utilizados por terceiros n\u00e3o autorizados. Todos os clientes t\u00eam o direito de acesso, retifica\u00e7\u00e3o, cancelamento e oposi\u00e7\u00e3o dos seus dados. Caso deseje, a qualquer momento, deixar de fazer parte da base de dados da Ghost Soul poder\u00e1 exercer este direito atrav\u00e9s dos seguintes meios:<br>\u2022 Email: info@ghostsoul.pt<br>\u2022 Telefone: +351 253 849 000 hor\u00e1rio de atendimento: de segunda \u00e1 sexta das 08h \u00e1s 12h e das 13:30h as 17:30h.<br>O cliente autoriza expressamente a Ghost Soul a enviar informa\u00e7\u00e3o sobre produtos e servi\u00e7os que possam ser do seu interesse utilizando os seus dados pessoais para efeitos de marketing direto atrav\u00e9s de qualquer canal de comunica\u00e7\u00e3o, nomeadamente mediante a utiliza\u00e7\u00e3o de correio eletr\u00f3nico, MMS ou outras formas de chamada autom\u00e1tica. A Ghost Soul n\u00e3o comercializar\u00e1 nem partilhar\u00e1 a sua base de dados de clientes com terceiros.<\/p>\t\t\t\t\t\t<\/div>\n\t\t\t\t<\/div>\n\t\t\t\t\t<\/div>\n\t\t<\/div>\n\t\t\t\t\t\t\t<\/div>\n\t\t<\/section>\n\t\t\t\t\t\t<\/div>\n\t\t\t\t\t<\/div>\n\t\t","protected":false},"excerpt":{"rendered":"<p>OBJETO E \u00c2MBITO DE APLICA\u00c7\u00c3OAo encomendar atrav\u00e9s da loja virtual Ghost Soul est\u00e1 a concordar com todas as informa\u00e7\u00f5es legais prescritas. DISPONIBILIDADE DOS PRODUTOSNa eventual falta de disponibilidade do produto a Ghost Soul compromete-se a informar o utilizador e a reembols\u00e1-lo dos montantes que eventualmente tenha pago, atrav\u00e9s do mesmo m\u00e9todo de pagamento, no prazo [&hellip;]<\/p>\n","protected":false},"author":3,"featured_media":0,"parent":0,"menu_order":0,"comment_status":"closed","ping_status":"closed","template":"","meta":{"footnotes":""},"class_list":["post-746","page","type-page","status-publish","hentry"],"_links":{"self":[{"href":"https:\/\/ghostsoul.pt\/pt-pt\/wp-json\/wp\/v2\/pages\/746","targetHints":{"allow":["GET"]}}],"collection":[{"href":"https:\/\/ghostsoul.pt\/pt-pt\/wp-json\/wp\/v2\/pages"}],"about":[{"href":"https:\/\/ghostsoul.pt\/pt-pt\/wp-json\/wp\/v2\/types\/page"}],"author":[{"embeddable":true,"href":"https:\/\/ghostsoul.pt\/pt-pt\/wp-json\/wp\/v2\/users\/3"}],"replies":[{"embeddable":true,"href":"https:\/\/ghostsoul.pt\/pt-pt\/wp-json\/wp\/v2\/comments?post=746"}],"version-history":[{"count":13,"href":"https:\/\/ghostsoul.pt\/pt-pt\/wp-json\/wp\/v2\/pages\/746\/revisions"}],"predecessor-version":[{"id":3418,"href":"https:\/\/ghostsoul.pt\/pt-pt\/wp-json\/wp\/v2\/pages\/746\/revisions\/3418"}],"wp:attachment":[{"href":"https:\/\/ghostsoul.pt\/pt-pt\/wp-json\/wp\/v2\/media?parent=746"}],"curies":[{"name":"wp","href":"https:\/\/api.w.org\/{rel}","templated":true}]}}