
{"id":744,"date":"2021-09-15T14:41:27","date_gmt":"2021-09-15T13:41:27","guid":{"rendered":"https:\/\/ghostsoul.pt\/?page_id=744"},"modified":"2021-10-20T17:03:20","modified_gmt":"2021-10-20T16:03:20","slug":"pagamento","status":"publish","type":"page","link":"https:\/\/ghostsoul.pt\/pt-pt\/pagamento\/","title":{"rendered":"M\u00e9todos de Pagamento"},"content":{"rendered":"\t\t<div data-elementor-type=\"wp-page\" data-elementor-id=\"744\" class=\"elementor elementor-744 elementor-52\" data-elementor-settings=\"[]\">\n\t\t\t\t\t\t\t<div class=\"elementor-section-wrap\">\n\t\t\t\t\t\t\t<section class=\"elementor-section elementor-top-section elementor-element elementor-element-af61de7 elementor-section-boxed elementor-section-height-default elementor-section-height-default\" data-id=\"af61de7\" data-element_type=\"section\">\n\t\t\t\t\t\t<div class=\"elementor-container elementor-column-gap-default\">\n\t\t\t\t\t<div class=\"elementor-column elementor-col-100 elementor-top-column elementor-element elementor-element-a30090b\" data-id=\"a30090b\" data-element_type=\"column\">\n\t\t\t<div class=\"elementor-widget-wrap elementor-element-populated\">\n\t\t\t\t\t\t\t\t<div class=\"elementor-element elementor-element-8f3efd0 elementor-widget elementor-widget-text-editor\" data-id=\"8f3efd0\" data-element_type=\"widget\" data-widget_type=\"text-editor.default\">\n\t\t\t\t<div class=\"elementor-widget-container\">\n\t\t\t\t\t\t\t\t<p>\u2022 Todas as transa\u00e7\u00f5es do nosso site s\u00e3o seguras. Entre as dispon\u00edveis PayPal, Refer\u00eancia Multibanco, MBWay, e Transfer\u00eancia Banc\u00e1ria sendo que ao finalizar a encomenda apenas aparecer\u00e3o as dispon\u00edveis consoante as caracter\u00edsticas da encomenda.\u00a0<\/p><p><strong>PayPal<\/strong><br \/>Uma das maiores e mais seguras formas de pagamento na internet. Apenas est\u00e1 dispon\u00edvel para clientes que possuam conta PayPal.<br \/>\u2022 Finaliza a compra escolhendo o Paypal como m\u00e9todo de pagamento<br \/>\u2022 Ser\u00e1s reencaminhado para a p\u00e1gina segura do PayPal onde confirmar\u00e1s o valor a pagar.<br \/>\u2022 Faz login na tua conta do Paypal e confirma o Pagamento.<br \/>Nota: A escolha deste m\u00e9todo de pagamento n\u00e3o acarreta custos extra para o cliente. N\u00e3o ser\u00e3o guardados quaisquer dados de login do Paypal pela Ghost Soul. Ap\u00f3s pagamento o estado da encomenda ser\u00e1 atualizado para \u201cEm Processamento\u201d.<\/p><p><strong>Refer\u00eancia Multibanco<\/strong><br \/>A forma mais escolhida de pagamento entre os clientes, poder\u00e1 ser realizado em qualquer caixa multibanco ou homebanking.<br \/>\u2022 Finaliza a compra escolhendo refer\u00eancia multibanco como m\u00e9todo de pagamento.<br \/>\u2022 Receber\u00e1s no email os dados para pagamento.<br \/>\u2022 Realiza o pagamento em qualquer caixa multibanco ou homebanking em \u201cpagamentos\u201d.<br \/>\u2022 N\u00e3o ser\u00e1 necess\u00e1rio o envio de comprovativo de pagamento.<br \/>Nota: A escolha deste m\u00e9todo de pagamento n\u00e3o acarreta custos extra para o cliente. \u00c9 imediatamente notificado com a confirma\u00e7\u00e3o do pagamento e altera\u00e7\u00e3o do estado da encomenda.<\/p><p><strong>MBWay<\/strong><br \/>Ap\u00f3s ades\u00e3o o MB WAY, apenas indicando o seu n\u00famero de telem\u00f3vel permite-lhe efetuar pagamentos de forma r\u00e1pida e c\u00f3moda sem ter de aceder sequer ao site do seu banco ou de se dirigir a uma caixa de Multibanco.<br \/>\u2022 Finaliza a compra escolhendo MBWay como m\u00e9todo de pagamento.<br \/>\u2022 Ao confirmar a encomenda introduza o seu n\u00famero associado ao MBWay.<br \/>\u2022 Tem um prazo limite de 5 minutos para autorizar o pagamento na aplica\u00e7\u00e3o.<br \/>\u2022 N\u00e3o ser\u00e1 necess\u00e1rio o envio de comprovativo de pagamento.<br \/>Nota: A escolha deste m\u00e9todo de pagamento n\u00e3o acarreta custos extra para o cliente. \u00c9 imediatamente notificado com a confirma\u00e7\u00e3o do pagamento e altera\u00e7\u00e3o do estado da encomenda.<\/p><p><strong>Transfer\u00eancia Banc\u00e1ria<\/strong><br \/>Este m\u00e9todo de pagamento apenas est\u00e1 dispon\u00edvel para encomendas para fora do pa\u00eds.<br \/>\u2022 Finaliza a compra escolhendo Transfer\u00eancia Bancaria como m\u00e9todo de pagamento.<br \/>\u2022 Recebe os dados da nossa conta para realizar a transfer\u00eancia.<br \/>\u2022 Faz o pagamento numa caixa multibanco ou no seu homebanking.<br \/>\u2022 Ser\u00e1 necess\u00e1rio o envio de comprovativo e indica\u00e7\u00e3o do n\u00famero de encomenda.<br \/>Nota: A escolha deste m\u00e9todo de pagamento pode acarretar custos extra para o cliente por parte da entidade bancaria. Ap\u00f3s envio de comprovativo o cliente receber\u00e1 notifica\u00e7\u00e3o de confirma\u00e7\u00e3o de pagamento e altera\u00e7\u00e3o do estado da encomenda.<\/p>\t\t\t\t\t\t<\/div>\n\t\t\t\t<\/div>\n\t\t\t\t\t<\/div>\n\t\t<\/div>\n\t\t\t\t\t\t\t<\/div>\n\t\t<\/section>\n\t\t\t\t\t\t<\/div>\n\t\t\t\t\t<\/div>\n\t\t","protected":false},"excerpt":{"rendered":"<p>\u2022 Todas as transa\u00e7\u00f5es do nosso site s\u00e3o seguras. Entre as dispon\u00edveis PayPal, Refer\u00eancia Multibanco, MBWay, e Transfer\u00eancia Banc\u00e1ria sendo que ao finalizar a encomenda apenas aparecer\u00e3o as dispon\u00edveis consoante as caracter\u00edsticas da encomenda.\u00a0 PayPalUma das maiores e mais seguras formas de pagamento na internet. Apenas est\u00e1 dispon\u00edvel para clientes que possuam conta PayPal.\u2022 Finaliza [&hellip;]<\/p>\n","protected":false},"author":3,"featured_media":0,"parent":0,"menu_order":0,"comment_status":"closed","ping_status":"closed","template":"","meta":{"footnotes":""},"class_list":["post-744","page","type-page","status-publish","hentry"],"_links":{"self":[{"href":"https:\/\/ghostsoul.pt\/pt-pt\/wp-json\/wp\/v2\/pages\/744","targetHints":{"allow":["GET"]}}],"collection":[{"href":"https:\/\/ghostsoul.pt\/pt-pt\/wp-json\/wp\/v2\/pages"}],"about":[{"href":"https:\/\/ghostsoul.pt\/pt-pt\/wp-json\/wp\/v2\/types\/page"}],"author":[{"embeddable":true,"href":"https:\/\/ghostsoul.pt\/pt-pt\/wp-json\/wp\/v2\/users\/3"}],"replies":[{"embeddable":true,"href":"https:\/\/ghostsoul.pt\/pt-pt\/wp-json\/wp\/v2\/comments?post=744"}],"version-history":[{"count":13,"href":"https:\/\/ghostsoul.pt\/pt-pt\/wp-json\/wp\/v2\/pages\/744\/revisions"}],"predecessor-version":[{"id":1688,"href":"https:\/\/ghostsoul.pt\/pt-pt\/wp-json\/wp\/v2\/pages\/744\/revisions\/1688"}],"wp:attachment":[{"href":"https:\/\/ghostsoul.pt\/pt-pt\/wp-json\/wp\/v2\/media?parent=744"}],"curies":[{"name":"wp","href":"https:\/\/api.w.org\/{rel}","templated":true}]}}