
{"id":724,"date":"2021-09-15T14:19:46","date_gmt":"2021-09-15T13:19:46","guid":{"rendered":"https:\/\/ghostsoul.pt\/?page_id=724"},"modified":"2022-07-11T10:32:16","modified_gmt":"2022-07-11T09:32:16","slug":"home","status":"publish","type":"page","link":"https:\/\/ghostsoul.pt\/pt-pt\/","title":{"rendered":"Home"},"content":{"rendered":"\t\t<div data-elementor-type=\"wp-page\" data-elementor-id=\"724\" class=\"elementor elementor-724 elementor-2\" data-elementor-settings=\"[]\">\n\t\t\t\t\t\t\t<div class=\"elementor-section-wrap\">\n\t\t\t\t\t\t\t<section class=\"elementor-section elementor-top-section elementor-element elementor-element-1539ac9 elementor-section-boxed elementor-section-height-default elementor-section-height-default\" data-id=\"1539ac9\" data-element_type=\"section\" data-settings=\"{&quot;background_background&quot;:&quot;classic&quot;}\">\n\t\t\t\t\t\t<div class=\"elementor-container elementor-column-gap-default\">\n\t\t\t\t\t<div class=\"elementor-column elementor-col-100 elementor-top-column elementor-element elementor-element-72c6ed9\" data-id=\"72c6ed9\" data-element_type=\"column\">\n\t\t\t<div class=\"elementor-widget-wrap elementor-element-populated\">\n\t\t\t\t\t\t\t\t<div class=\"elementor-element elementor-element-50f6030 elementor-aspect-ratio-169 elementor-widget elementor-widget-video\" data-id=\"50f6030\" data-element_type=\"widget\" data-settings=\"{&quot;video_type&quot;:&quot;hosted&quot;,&quot;autoplay&quot;:&quot;yes&quot;,&quot;play_on_mobile&quot;:&quot;yes&quot;,&quot;mute&quot;:&quot;yes&quot;,&quot;loop&quot;:&quot;yes&quot;,&quot;controls&quot;:&quot;yes&quot;,&quot;aspect_ratio&quot;:&quot;169&quot;}\" data-widget_type=\"video.default\">\n\t\t\t\t<div class=\"elementor-widget-container\">\n\t\t\t\t\t<div class=\"e-hosted-video elementor-wrapper elementor-fit-aspect-ratio elementor-open-inline\">\n\t\t\t\t\t<video class=\"elementor-video\" src=\"https:\/\/ghostsoul.pt\/wp-content\/uploads\/2022\/06\/gHOST-SO.mp4\" autoplay=\"\" loop=\"\" controls=\"\" muted=\"muted\" playsinline=\"\" controlsList=\"nodownload\"><\/video>\n\t\t\t\t<\/div>\n\t\t\t\t<\/div>\n\t\t\t\t<\/div>\n\t\t\t\t\t<\/div>\n\t\t<\/div>\n\t\t\t\t\t\t\t<\/div>\n\t\t<\/section>\n\t\t\t\t<section class=\"elementor-section elementor-top-section elementor-element elementor-element-1566465 elementor-section-boxed elementor-section-height-default elementor-section-height-default\" data-id=\"1566465\" data-element_type=\"section\" data-settings=\"{&quot;background_background&quot;:&quot;classic&quot;}\">\n\t\t\t\t\t\t<div class=\"elementor-container elementor-column-gap-default\">\n\t\t\t\t\t<div class=\"elementor-column elementor-col-100 elementor-top-column elementor-element elementor-element-44c026f\" data-id=\"44c026f\" data-element_type=\"column\">\n\t\t\t<div class=\"elementor-widget-wrap elementor-element-populated\">\n\t\t\t\t\t\t\t\t<div class=\"elementor-element elementor-element-3cbd50d elementor-widget elementor-widget-text-editor\" data-id=\"3cbd50d\" data-element_type=\"widget\" data-widget_type=\"text-editor.default\">\n\t\t\t\t<div class=\"elementor-widget-container\">\n\t\t\t\t\t\t\t\t<p>Ghost Soul \u00e9 uma nova marca, criada para mudar a forma como as t-shirts personalizadas s\u00e3o feitas! Somos profissionais em serigrafia e<span style=\"font-size: 1rem\">&nbsp;impress\u00e3o digital e nosso objetivo \u00e9 tornar isso mais f\u00e1cil para obter t-shirts personalizadas de qualidade e entreg\u00e1-las diretamente a voc\u00ea! Temos os nossos pr\u00f3prios designs, mas fique \u00e0 vontade para nos enviar as suas artes, as suas ideias e iremos torn\u00e1-las fant\u00e1sticas!<\/span><\/p>\n<p>Ghost Soul tambem se expressa noutra forma de arte, como produtor musical! Com o lan\u00e7amento do primeiro \u00e1lbum &#8220;Ghost Soul&#8221;.&nbsp;<\/p>\n<p>Dispon\u00edvel no Youtube, Spotify e em todas as plantaformas digitais.<br><\/p>\t\t\t\t\t\t<\/div>\n\t\t\t\t<\/div>\n\t\t\t\t\t<\/div>\n\t\t<\/div>\n\t\t\t\t\t\t\t<\/div>\n\t\t<\/section>\n\t\t\t\t<section class=\"elementor-section elementor-top-section elementor-element elementor-element-48e3906 elementor-section-boxed elementor-section-height-default elementor-section-height-default\" data-id=\"48e3906\" data-element_type=\"section\" data-settings=\"{&quot;background_background&quot;:&quot;classic&quot;}\">\n\t\t\t\t\t\t<div class=\"elementor-container elementor-column-gap-default\">\n\t\t\t\t\t<div class=\"elementor-column elementor-col-100 elementor-top-column elementor-element elementor-element-9d116bd\" data-id=\"9d116bd\" data-element_type=\"column\">\n\t\t\t<div class=\"elementor-widget-wrap elementor-element-populated\">\n\t\t\t\t\t\t\t\t<div class=\"elementor-element elementor-element-f913ec5 elementor-widget elementor-widget-heading\" data-id=\"f913ec5\" data-element_type=\"widget\" data-widget_type=\"heading.default\">\n\t\t\t\t<div class=\"elementor-widget-container\">\n\t\t\t<h2 class=\"elementor-heading-title elementor-size-default\">Onde estamos<\/h2>\t\t<\/div>\n\t\t\t\t<\/div>\n\t\t\t\t\t<\/div>\n\t\t<\/div>\n\t\t\t\t\t\t\t<\/div>\n\t\t<\/section>\n\t\t\t\t<section class=\"elementor-section elementor-top-section elementor-element elementor-element-c39e894 elementor-section-boxed elementor-section-height-default elementor-section-height-default\" data-id=\"c39e894\" data-element_type=\"section\" data-settings=\"{&quot;background_background&quot;:&quot;classic&quot;}\">\n\t\t\t\t\t\t<div class=\"elementor-container elementor-column-gap-default\">\n\t\t\t\t\t<div class=\"elementor-column elementor-col-100 elementor-top-column elementor-element elementor-element-6d87f0a\" data-id=\"6d87f0a\" data-element_type=\"column\">\n\t\t\t<div class=\"elementor-widget-wrap elementor-element-populated\">\n\t\t\t\t\t\t\t\t<div class=\"elementor-element elementor-element-1e0f996 elementor-widget elementor-widget-text-editor\" data-id=\"1e0f996\" data-element_type=\"widget\" data-widget_type=\"text-editor.default\">\n\t\t\t\t<div class=\"elementor-widget-container\">\n\t\t\t\t\t\t\t\t<p>Ghost Soul est\u00e1 sediada em Portugal. Com uma longa tradi\u00e7\u00e3o na ind\u00fastria t\u00eaxtil, Portugal exporta pe\u00e7as t\u00eaxteis excepcionais e distintas. As melhores marcas de designers internacionais s\u00e3o atra\u00eddas para Portugal n\u00e3o s\u00f3 para produzir as suas roupas, mas tamb\u00e9m para comprar os materiais para as suas cole\u00e7\u00f5es. A ind\u00fastria t\u00eaxtil portuguesa \u00e9 mundialmente conhecida pelo elevado padr\u00e3o de fabrico.&nbsp;<\/p>\t\t\t\t\t\t<\/div>\n\t\t\t\t<\/div>\n\t\t\t\t\t<\/div>\n\t\t<\/div>\n\t\t\t\t\t\t\t<\/div>\n\t\t<\/section>\n\t\t\t\t<section class=\"elementor-section elementor-top-section elementor-element elementor-element-fd11df1 elementor-section-boxed elementor-section-height-default elementor-section-height-default\" data-id=\"fd11df1\" data-element_type=\"section\" data-settings=\"{&quot;background_background&quot;:&quot;classic&quot;}\">\n\t\t\t\t\t\t<div class=\"elementor-container elementor-column-gap-default\">\n\t\t\t\t\t<div class=\"elementor-column elementor-col-100 elementor-top-column elementor-element elementor-element-1f7ac7f\" data-id=\"1f7ac7f\" data-element_type=\"column\">\n\t\t\t<div class=\"elementor-widget-wrap elementor-element-populated\">\n\t\t\t\t\t\t\t\t<div class=\"elementor-element elementor-element-16af7be elementor-widget elementor-widget-heading\" data-id=\"16af7be\" data-element_type=\"widget\" data-widget_type=\"heading.default\">\n\t\t\t\t<div class=\"elementor-widget-container\">\n\t\t\t<h2 class=\"elementor-heading-title elementor-size-default\">Qualidade de Impress\u00e3o<\/h2>\t\t<\/div>\n\t\t\t\t<\/div>\n\t\t\t\t\t<\/div>\n\t\t<\/div>\n\t\t\t\t\t\t\t<\/div>\n\t\t<\/section>\n\t\t\t\t<section class=\"elementor-section elementor-top-section elementor-element elementor-element-0b52ca0 elementor-section-boxed elementor-section-height-default elementor-section-height-default\" data-id=\"0b52ca0\" data-element_type=\"section\" data-settings=\"{&quot;background_background&quot;:&quot;classic&quot;}\">\n\t\t\t\t\t\t<div class=\"elementor-container elementor-column-gap-default\">\n\t\t\t\t\t<div class=\"elementor-column elementor-col-100 elementor-top-column elementor-element elementor-element-46c4c2b\" data-id=\"46c4c2b\" data-element_type=\"column\">\n\t\t\t<div class=\"elementor-widget-wrap elementor-element-populated\">\n\t\t\t\t\t\t\t\t<div class=\"elementor-element elementor-element-c7bca31 elementor-widget elementor-widget-text-editor\" data-id=\"c7bca31\" data-element_type=\"widget\" data-widget_type=\"text-editor.default\">\n\t\t\t\t<div class=\"elementor-widget-container\">\n\t\t\t\t\t\t\t\t<p>As nossas t-shirt s\u00e3o feitas em portugal com alta qualidade 100% algod\u00e3o 180g \/ m2 jersey utilizamos a tecnologia dtg mais sofisticada que permite oferecer uma qualidade de impress\u00e3o inigual\u00e1vel.<\/p>\t\t\t\t\t\t<\/div>\n\t\t\t\t<\/div>\n\t\t\t\t\t<\/div>\n\t\t<\/div>\n\t\t\t\t\t\t\t<\/div>\n\t\t<\/section>\n\t\t\t\t<section class=\"elementor-section elementor-top-section elementor-element elementor-element-097e4cd elementor-section-boxed elementor-section-height-default elementor-section-height-default\" data-id=\"097e4cd\" data-element_type=\"section\" data-settings=\"{&quot;background_background&quot;:&quot;classic&quot;}\">\n\t\t\t\t\t\t<div class=\"elementor-container elementor-column-gap-default\">\n\t\t\t\t\t<div class=\"elementor-column elementor-col-100 elementor-top-column elementor-element elementor-element-2b182d9\" data-id=\"2b182d9\" data-element_type=\"column\">\n\t\t\t<div class=\"elementor-widget-wrap elementor-element-populated\">\n\t\t\t\t\t\t\t\t<div class=\"elementor-element elementor-element-75d420a elementor-widget elementor-widget-heading\" data-id=\"75d420a\" data-element_type=\"widget\" data-widget_type=\"heading.default\">\n\t\t\t\t<div class=\"elementor-widget-container\">\n\t\t\t<h2 class=\"elementor-heading-title elementor-size-default\">O QUE \u00c9 A DTG?<\/h2>\t\t<\/div>\n\t\t\t\t<\/div>\n\t\t\t\t\t<\/div>\n\t\t<\/div>\n\t\t\t\t\t\t\t<\/div>\n\t\t<\/section>\n\t\t\t\t<section class=\"elementor-section elementor-top-section elementor-element elementor-element-3c9f035 elementor-section-boxed elementor-section-height-default elementor-section-height-default\" data-id=\"3c9f035\" data-element_type=\"section\" data-settings=\"{&quot;background_background&quot;:&quot;classic&quot;}\">\n\t\t\t\t\t\t<div class=\"elementor-container elementor-column-gap-default\">\n\t\t\t\t\t<div class=\"elementor-column elementor-col-100 elementor-top-column elementor-element elementor-element-5e0d170\" data-id=\"5e0d170\" data-element_type=\"column\">\n\t\t\t<div class=\"elementor-widget-wrap elementor-element-populated\">\n\t\t\t\t\t\t\t\t<div class=\"elementor-element elementor-element-2893569 elementor-widget elementor-widget-text-editor\" data-id=\"2893569\" data-element_type=\"widget\" data-widget_type=\"text-editor.default\">\n\t\t\t\t<div class=\"elementor-widget-container\">\n\t\t\t\t\t\t\t\t<p>A impress\u00e3o Digital Direta DTG (\u201cDirect To Garment\u201d) \u00e9 um processo de impress\u00e3o em tecidos e roupas que utiliza a tecnologia de jato de tinta. A pe\u00e7a de vestu\u00e1rio passa sob a cabe\u00e7a de impress\u00e3o do equipamento, onde a tinta \u00e9 lan\u00e7ada em alta resolu\u00e7\u00e3o diretamente nas fibras do tecido.\u00a0<span style=\"font-size: 1rem\">Sem limite de cores, o resultado final \u00e9 excelente em termos de defini\u00e7\u00e3o, cor, tato e durabilidade.<\/span><\/p>\t\t\t\t\t\t<\/div>\n\t\t\t\t<\/div>\n\t\t\t\t\t<\/div>\n\t\t<\/div>\n\t\t\t\t\t\t\t<\/div>\n\t\t<\/section>\n\t\t\t\t\t\t<\/div>\n\t\t\t\t\t<\/div>\n\t\t","protected":false},"excerpt":{"rendered":"<p>https:\/\/ghostsoul.pt\/wp-content\/uploads\/2022\/06\/gHOST-SO.mp4 Ghost Soul \u00e9 uma nova marca, criada para mudar a forma como as t-shirts personalizadas s\u00e3o feitas! Somos profissionais em serigrafia e&nbsp;impress\u00e3o digital e nosso objetivo \u00e9 tornar isso mais f\u00e1cil para obter t-shirts personalizadas de qualidade e entreg\u00e1-las diretamente a voc\u00ea! Temos os nossos pr\u00f3prios designs, mas fique \u00e0 vontade para nos enviar [&hellip;]<\/p>\n","protected":false},"author":1,"featured_media":0,"parent":0,"menu_order":0,"comment_status":"closed","ping_status":"closed","template":"","meta":{"footnotes":""},"class_list":["post-724","page","type-page","status-publish","hentry"],"_links":{"self":[{"href":"https:\/\/ghostsoul.pt\/pt-pt\/wp-json\/wp\/v2\/pages\/724","targetHints":{"allow":["GET"]}}],"collection":[{"href":"https:\/\/ghostsoul.pt\/pt-pt\/wp-json\/wp\/v2\/pages"}],"about":[{"href":"https:\/\/ghostsoul.pt\/pt-pt\/wp-json\/wp\/v2\/types\/page"}],"author":[{"embeddable":true,"href":"https:\/\/ghostsoul.pt\/pt-pt\/wp-json\/wp\/v2\/users\/1"}],"replies":[{"embeddable":true,"href":"https:\/\/ghostsoul.pt\/pt-pt\/wp-json\/wp\/v2\/comments?post=724"}],"version-history":[{"count":47,"href":"https:\/\/ghostsoul.pt\/pt-pt\/wp-json\/wp\/v2\/pages\/724\/revisions"}],"predecessor-version":[{"id":3940,"href":"https:\/\/ghostsoul.pt\/pt-pt\/wp-json\/wp\/v2\/pages\/724\/revisions\/3940"}],"wp:attachment":[{"href":"https:\/\/ghostsoul.pt\/pt-pt\/wp-json\/wp\/v2\/media?parent=724"}],"curies":[{"name":"wp","href":"https:\/\/api.w.org\/{rel}","templated":true}]}}