
{"id":3978,"date":"2025-09-12T17:05:21","date_gmt":"2025-09-12T16:05:21","guid":{"rendered":"https:\/\/ghostsoul.pt\/?page_id=3978"},"modified":"2025-09-12T17:05:47","modified_gmt":"2025-09-12T16:05:47","slug":"politica-de-cookies","status":"publish","type":"page","link":"https:\/\/ghostsoul.pt\/pt-pt\/politica-de-cookies\/","title":{"rendered":"Pol\u00edtica de Cookies"},"content":{"rendered":"\t\t<div data-elementor-type=\"wp-page\" data-elementor-id=\"3978\" class=\"elementor elementor-3978\" data-elementor-settings=\"[]\">\n\t\t\t\t\t\t\t<div class=\"elementor-section-wrap\">\n\t\t\t\t\t\t\t<section class=\"elementor-section elementor-top-section elementor-element elementor-element-1ca50c3 elementor-section-boxed elementor-section-height-default elementor-section-height-default\" data-id=\"1ca50c3\" data-element_type=\"section\">\n\t\t\t\t\t\t<div class=\"elementor-container elementor-column-gap-default\">\n\t\t\t\t\t<div class=\"elementor-column elementor-col-100 elementor-top-column elementor-element elementor-element-3cc88c9\" data-id=\"3cc88c9\" data-element_type=\"column\">\n\t\t\t<div class=\"elementor-widget-wrap elementor-element-populated\">\n\t\t\t\t\t\t\t\t<div class=\"elementor-element elementor-element-bd24bb3 elementor-widget elementor-widget-text-editor\" data-id=\"bd24bb3\" data-element_type=\"widget\" data-widget_type=\"text-editor.default\">\n\t\t\t\t<div class=\"elementor-widget-container\">\n\t\t\t\t\t\t\t\t<p>O QUE S\u00c3O COOKIES?<br \/>As cookies s\u00e3o pequenos ficheiros de informa\u00e7\u00e3o que s\u00e3o colocados no seu equipamento eletr\u00f3nico e que podem assumir v\u00e1rias fun\u00e7\u00f5es, podendo guardar as prefer\u00eancias do utilizador para certos tipos de informa\u00e7\u00e3o ou guardar informa\u00e7\u00e3o relativa \u00e0 sua visita a cada site, tendo como principal objetivo a dete\u00e7\u00e3o do utilizador nas suas visitas ao site e respetivos par\u00e2metros de configura\u00e7\u00e3o.<br \/>A utiliza\u00e7\u00e3o de cookies na internet \u00e9 usual e em nada prejudica os computadores e demais equipamentos eletr\u00f3nicos de acesso web dos utilizadores.<\/p><p>QUAIS AS FUN\u00c7\u00d5ES DAS COOKIES?<br \/>As cookies executam diversas fun\u00e7\u00f5es, nomeadamente auxiliar a \u00e1rea de gest\u00e3o e atualiza\u00e7\u00e3o de conte\u00fados dos sites a compreender com maior profundidade o modo como este \u00e9 utilizado, facilitando a respetiva navega\u00e7\u00e3o, guardando as suas prefer\u00eancias e, de modo geral, melhorando a sua experi\u00eancia de utiliza\u00e7\u00e3o, servindo ainda para garantir que os sites apresentam conte\u00fados relevantes a cada utilizador. S\u00e3o, portanto, instrumentos de melhoria cont\u00ednua da experi\u00eancia de utiliza\u00e7\u00e3o.<\/p><p>QUE TIPOS DE COOKIES UTILIZAMOS?<br \/>Existem diversos tipos de cookies com diferentes formas de atua\u00e7\u00e3o e finalidades na sua navega\u00e7\u00e3o na internet. Apresentamos as categorias existentes que utilizamos:<\/p><p>&#8211; Cookies estritamente necess\u00e1rias: s\u00e3o cookies essenciais porque garantem a navega\u00e7\u00e3o no site e a utiliza\u00e7\u00e3o das respetivas funcionalidades, entre estas, a de registar se o utilizador autorizou ou n\u00e3o a utiliza\u00e7\u00e3o de cookies pela p\u00e1gina web. Estas cookies n\u00e3o podem ser rejeitadas ao utilizar um site.<br \/>Prazo de conserva\u00e7\u00e3o dos dados recolhidos neste \u00e2mbito: um ano ap\u00f3s recolha.<\/p><p>&#8211; Cookies funcionais: s\u00e3o cookies que permitem aos sites recordar informa\u00e7\u00e3o sobre as escolhas feitas pelo utilizador, tais como o username, o idioma, a regi\u00e3o de onde acede, e personaliza\u00e7\u00e3o por parte do utilizador da experi\u00eancia de navega\u00e7\u00e3o dos sites. Estas cookies perdem a validade no final da sess\u00e3o do utilizador (por exemplo, quando o utilizador fecha a janela do browser) ou poder\u00e3o manter-se durante mais tempo para memorizar as prefer\u00eancias do utilizador e escolhas no site.<br \/>Prazo de conserva\u00e7\u00e3o dos dados recolhidos neste \u00e2mbito: um ano ap\u00f3s recolha.<\/p><p>&#8211; Cookies de publicidade: s\u00e3o cookies que recolhem informa\u00e7\u00e3o sobre os h\u00e1bitos de utiliza\u00e7\u00e3o de um browser pelo utilizador, registando utiliza\u00e7\u00f5es dos sites. S\u00e3o utilizadas para suportar a realiza\u00e7\u00e3o de a\u00e7\u00f5es de marketing e comunica\u00e7\u00e3o mais direcionadas, permitindo a distin\u00e7\u00e3o e identifica\u00e7\u00e3o das prefer\u00eancias de utiliza\u00e7\u00e3o individuais ou armazenar um c\u00f3digo que permite traduzir um conjunto de h\u00e1bitos ou prefer\u00eancias de utiliza\u00e7\u00e3o.<br \/>As cookies de publicidade que podemos utilizar pertencem ao Facebook e Google. <br \/>Prazo de conserva\u00e7\u00e3o dos dados recolhidos neste \u00e2mbito: dezoito meses ap\u00f3s recolha.<\/p><p>&#8211; Cookies anal\u00edticas: estas cookies s\u00e3o usadas para analisar a forma como os utilizadores usam o site e para monitorar a performance deste, por exemplo, quais as p\u00e1ginas com maior volume de visitas ou se \u00e9 devolvida ao utilizador alguma mensagem de erro. Isto permite fornecer uma experi\u00eancia de alta qualidade ao personalizar a oferta e rapidamente identificar e corrigir quaisquer problemas que surjam. Estas cookies s\u00e3o utilizadas para efeitos de melhoria cont\u00ednua e an\u00e1lise estat\u00edstica.<br \/>Para este fim, utilizamos a ferramenta de an\u00e1lise do Google Analytics, do Facebook e respetivas cookies.<br \/>Prazo de conserva\u00e7\u00e3o dos dados recolhidos neste \u00e2mbito: dois anos ap\u00f3s recolha.<\/p><p>COMO PODE GERIR AS SUAS COOKIES?<br \/>Diferentes browsers oferecem diferentes maneiras de gerir as cookies implementadas pelos sites em que navega. N\u00e3o existe uma forma padr\u00e3o de remover cookies, e dependendo do navegador que utiliza, existem diversas formas avan\u00e7adas de os gerir. Contudo, todos os browsers permitem uma remo\u00e7\u00e3o geral das cookies do seu computador. <br \/>Recordamos que a desativa\u00e7\u00e3o das cookies determina que todas ou algumas das funcionalidades dispon\u00edveis poder\u00e3o ficar inibidas, penalizando a sua experi\u00eancia de navega\u00e7\u00e3o.<br \/>Para gerir o uso de cookies no navegador de internet (browser) siga os seguintes passos:<\/p><p>Google Chrome<br \/>&#8211; Selecione o menu &#8220;Defini\u00e7\u00f5es\u201d (Settings);<br \/>&#8211; Selecione a op\u00e7\u00e3o &#8220;Mostrar Defini\u00e7\u00f5es Avan\u00e7adas\u201d (Show advanced settings);<br \/>&#8211; Em &#8220;Privacidade\u201d (Privacy), selecione &#8220;Defini\u00e7\u00f5es de Conte\u00fado\u201d (Content Settings).<\/p><p><br \/>Mozilla Firefox<br \/>&#8211; Selecione o menu &#8220;Ferramentas\u201d (Tools);<br \/>&#8211; Selecione a op\u00e7\u00e3o &#8220;Prefer\u00eancias\u201d (Preferences);<br \/>&#8211; No topo, selecione o \u00edcone &#8220;Privacidade\u201d (Privacy).<\/p><p><br \/>Internet Explorer<br \/>&#8211; Selecione o menu &#8220;Ferramentas\u201d (Tools);<br \/>&#8211; Selecione a op\u00e7\u00e3o &#8220;Op\u00e7\u00f5es de Internet\u201d (InternetOptions);<br \/>&#8211; Selecione o separador &#8220;Privacidade\u201d (Privacy).<\/p><p><br \/>Safari<br \/>&#8211; Selecione o menu &#8220;Editar\u201d (Edit);<br \/>&#8211; Selecione a op\u00e7\u00e3o &#8220;Prefer\u00eancias\u201d (Preferences);<br \/>&#8211; No topo, selecione o \u00edcone &#8220;Privacidade\u201d (Privacy).<\/p><p><br \/>Caso use mais do que um browser, dever\u00e1 proceder \u00e0 gest\u00e3o de cookies autonomamente em rela\u00e7\u00e3o a cada um deles.<br \/>Mais informa\u00e7\u00e3o sobre Cookies em: www.allaboutcookies.org<\/p><p>ATUALIZA\u00c7\u00c3O DA POL\u00cdTICA DE COOKIES<br \/>Reservamos o direito de, a qualquer momento, proceder a altera\u00e7\u00f5es \u00e0 presente Pol\u00edtica de Cookies, sendo estas devidamente publicitadas.<\/p>\t\t\t\t\t\t<\/div>\n\t\t\t\t<\/div>\n\t\t\t\t\t<\/div>\n\t\t<\/div>\n\t\t\t\t\t\t\t<\/div>\n\t\t<\/section>\n\t\t\t\t\t\t<\/div>\n\t\t\t\t\t<\/div>\n\t\t","protected":false},"excerpt":{"rendered":"<p>O QUE S\u00c3O COOKIES?As cookies s\u00e3o pequenos ficheiros de informa\u00e7\u00e3o que s\u00e3o colocados no seu equipamento eletr\u00f3nico e que podem assumir v\u00e1rias fun\u00e7\u00f5es, podendo guardar as prefer\u00eancias do utilizador para certos tipos de informa\u00e7\u00e3o ou guardar informa\u00e7\u00e3o relativa \u00e0 sua visita a cada site, tendo como principal objetivo a dete\u00e7\u00e3o do utilizador nas suas visitas [&hellip;]<\/p>\n","protected":false},"author":3,"featured_media":0,"parent":0,"menu_order":0,"comment_status":"closed","ping_status":"closed","template":"","meta":{"footnotes":""},"class_list":["post-3978","page","type-page","status-publish","hentry"],"_links":{"self":[{"href":"https:\/\/ghostsoul.pt\/pt-pt\/wp-json\/wp\/v2\/pages\/3978","targetHints":{"allow":["GET"]}}],"collection":[{"href":"https:\/\/ghostsoul.pt\/pt-pt\/wp-json\/wp\/v2\/pages"}],"about":[{"href":"https:\/\/ghostsoul.pt\/pt-pt\/wp-json\/wp\/v2\/types\/page"}],"author":[{"embeddable":true,"href":"https:\/\/ghostsoul.pt\/pt-pt\/wp-json\/wp\/v2\/users\/3"}],"replies":[{"embeddable":true,"href":"https:\/\/ghostsoul.pt\/pt-pt\/wp-json\/wp\/v2\/comments?post=3978"}],"version-history":[{"count":4,"href":"https:\/\/ghostsoul.pt\/pt-pt\/wp-json\/wp\/v2\/pages\/3978\/revisions"}],"predecessor-version":[{"id":3982,"href":"https:\/\/ghostsoul.pt\/pt-pt\/wp-json\/wp\/v2\/pages\/3978\/revisions\/3982"}],"wp:attachment":[{"href":"https:\/\/ghostsoul.pt\/pt-pt\/wp-json\/wp\/v2\/media?parent=3978"}],"curies":[{"name":"wp","href":"https:\/\/api.w.org\/{rel}","templated":true}]}}