
{"id":3464,"date":"2022-05-05T14:26:32","date_gmt":"2022-05-05T13:26:32","guid":{"rendered":"https:\/\/ghostsoul.pt\/tecnicas-de-impressao\/"},"modified":"2022-05-05T14:26:33","modified_gmt":"2022-05-05T13:26:33","slug":"tecnicas-de-impressao","status":"publish","type":"page","link":"https:\/\/ghostsoul.pt\/pt-pt\/tecnicas-de-impressao\/","title":{"rendered":"T\u00e9cnicas de Impress\u00e3o"},"content":{"rendered":"\t\t<div data-elementor-type=\"wp-page\" data-elementor-id=\"3464\" class=\"elementor elementor-3464 elementor-2429\" data-elementor-settings=\"[]\">\n\t\t\t\t\t\t\t<div class=\"elementor-section-wrap\">\n\t\t\t\t\t\t\t<section class=\"elementor-section elementor-top-section elementor-element elementor-element-72e18d6 elementor-section-boxed elementor-section-height-default elementor-section-height-default\" data-id=\"72e18d6\" data-element_type=\"section\">\n\t\t\t\t\t\t<div class=\"elementor-container elementor-column-gap-default\">\n\t\t\t\t\t<div class=\"elementor-column elementor-col-100 elementor-top-column elementor-element elementor-element-61cd54b\" data-id=\"61cd54b\" data-element_type=\"column\">\n\t\t\t<div class=\"elementor-widget-wrap elementor-element-populated\">\n\t\t\t\t\t\t\t\t<div class=\"elementor-element elementor-element-5f80e7f elementor-widget elementor-widget-heading\" data-id=\"5f80e7f\" data-element_type=\"widget\" data-widget_type=\"heading.default\">\n\t\t\t\t<div class=\"elementor-widget-container\">\n\t\t\t<h2 class=\"elementor-heading-title elementor-size-default\">QUALIDADE DE IMPRESS\u00c3O<\/h2>\t\t<\/div>\n\t\t\t\t<\/div>\n\t\t\t\t\t<\/div>\n\t\t<\/div>\n\t\t\t\t\t\t\t<\/div>\n\t\t<\/section>\n\t\t\t\t<section class=\"elementor-section elementor-top-section elementor-element elementor-element-a325b07 elementor-section-boxed elementor-section-height-default elementor-section-height-default\" data-id=\"a325b07\" data-element_type=\"section\">\n\t\t\t\t\t\t<div class=\"elementor-container elementor-column-gap-default\">\n\t\t\t\t\t<div class=\"elementor-column elementor-col-100 elementor-top-column elementor-element elementor-element-1412dbd\" data-id=\"1412dbd\" data-element_type=\"column\">\n\t\t\t<div class=\"elementor-widget-wrap elementor-element-populated\">\n\t\t\t\t\t\t\t\t<div class=\"elementor-element elementor-element-2cd2742 elementor-widget elementor-widget-text-editor\" data-id=\"2cd2742\" data-element_type=\"widget\" data-widget_type=\"text-editor.default\">\n\t\t\t\t<div class=\"elementor-widget-container\">\n\t\t\t\t\t\t\t\t<p>As nossas t-shirts s\u00e3o feitas com alta qualidade 90% algod\u00e3o e 10% poli\u00e9ster 180 \/ m2 jersey utilizamos a tecnologia dtg (&#8220;direct to garment&#8221;) mais sofisticada que permite oferecer uma qualidade de impress\u00e3o inigual\u00e1vel<\/p>\n\t\t\t\t\t\t<\/div>\n\t\t\t\t<\/div>\n\t\t\t\t\t<\/div>\n\t\t<\/div>\n\t\t\t\t\t\t\t<\/div>\n\t\t<\/section>\n\t\t\t\t<section class=\"elementor-section elementor-top-section elementor-element elementor-element-7601bae elementor-section-boxed elementor-section-height-default elementor-section-height-default\" data-id=\"7601bae\" data-element_type=\"section\">\n\t\t\t\t\t\t<div class=\"elementor-container elementor-column-gap-default\">\n\t\t\t\t\t<div class=\"elementor-column elementor-col-100 elementor-top-column elementor-element elementor-element-8fa445a\" data-id=\"8fa445a\" data-element_type=\"column\">\n\t\t\t<div class=\"elementor-widget-wrap elementor-element-populated\">\n\t\t\t\t\t\t\t\t<div class=\"elementor-element elementor-element-ceb4946 elementor-widget elementor-widget-heading\" data-id=\"ceb4946\" data-element_type=\"widget\" data-widget_type=\"heading.default\">\n\t\t\t\t<div class=\"elementor-widget-container\">\n\t\t\t<h2 class=\"elementor-heading-title elementor-size-default\">O QUE \u00c9 A ESTAMPARIA DIRETA?<\/h2>\t\t<\/div>\n\t\t\t\t<\/div>\n\t\t\t\t\t<\/div>\n\t\t<\/div>\n\t\t\t\t\t\t\t<\/div>\n\t\t<\/section>\n\t\t\t\t<section class=\"elementor-section elementor-top-section elementor-element elementor-element-40a72ff elementor-section-boxed elementor-section-height-default elementor-section-height-default\" data-id=\"40a72ff\" data-element_type=\"section\">\n\t\t\t\t\t\t<div class=\"elementor-container elementor-column-gap-default\">\n\t\t\t\t\t<div class=\"elementor-column elementor-col-100 elementor-top-column elementor-element elementor-element-b1d3f27\" data-id=\"b1d3f27\" data-element_type=\"column\">\n\t\t\t<div class=\"elementor-widget-wrap elementor-element-populated\">\n\t\t\t\t\t\t\t\t<div class=\"elementor-element elementor-element-d576980 elementor-widget elementor-widget-text-editor\" data-id=\"d576980\" data-element_type=\"widget\" data-widget_type=\"text-editor.default\">\n\t\t\t\t<div class=\"elementor-widget-container\">\n\t\t\t\t\t\t\t\t<p>A impress\u00e3o digital direta dtg (&#8220;direct to garment&#8221;) \u00e9 um processo de impress\u00e3o em tecidos e roupas que utiliza a tecnologia de jato de tinta.<br \/>\nA pe\u00e7a de vestu\u00e1rio passa sob a cabeca de imress\u00e3o do equipamento, onde a tinta \u00e9 lan\u00e7ada em alta resolu\u00e7\u00e3o diretamente nas fibras do tecido.sem limite de cores, o resultado final \u00e9 excelente em termos de defini\u00e7\u00e3o, cor, tato e durabilidade.<\/p>\n\t\t\t\t\t\t<\/div>\n\t\t\t\t<\/div>\n\t\t\t\t\t<\/div>\n\t\t<\/div>\n\t\t\t\t\t\t\t<\/div>\n\t\t<\/section>\n\t\t\t\t\t\t<\/div>\n\t\t\t\t\t<\/div>\n\t\t","protected":false},"excerpt":{"rendered":"<p>QUALIDADE DE IMPRESS\u00c3O As nossas t-shirts s\u00e3o feitas com alta qualidade 90% algod\u00e3o e 10% poli\u00e9ster 180 \/ m2 jersey utilizamos a tecnologia dtg (&#8220;direct to garment&#8221;) mais sofisticada que permite oferecer uma qualidade de impress\u00e3o inigual\u00e1vel O QUE \u00c9 A ESTAMPARIA DIRETA? A impress\u00e3o digital direta dtg (&#8220;direct to garment&#8221;) \u00e9 um processo de [&hellip;]<\/p>\n","protected":false},"author":3,"featured_media":0,"parent":0,"menu_order":0,"comment_status":"closed","ping_status":"closed","template":"","meta":{"footnotes":""},"class_list":["post-3464","page","type-page","status-publish","hentry"],"_links":{"self":[{"href":"https:\/\/ghostsoul.pt\/pt-pt\/wp-json\/wp\/v2\/pages\/3464","targetHints":{"allow":["GET"]}}],"collection":[{"href":"https:\/\/ghostsoul.pt\/pt-pt\/wp-json\/wp\/v2\/pages"}],"about":[{"href":"https:\/\/ghostsoul.pt\/pt-pt\/wp-json\/wp\/v2\/types\/page"}],"author":[{"embeddable":true,"href":"https:\/\/ghostsoul.pt\/pt-pt\/wp-json\/wp\/v2\/users\/3"}],"replies":[{"embeddable":true,"href":"https:\/\/ghostsoul.pt\/pt-pt\/wp-json\/wp\/v2\/comments?post=3464"}],"version-history":[{"count":1,"href":"https:\/\/ghostsoul.pt\/pt-pt\/wp-json\/wp\/v2\/pages\/3464\/revisions"}],"predecessor-version":[{"id":3465,"href":"https:\/\/ghostsoul.pt\/pt-pt\/wp-json\/wp\/v2\/pages\/3464\/revisions\/3465"}],"wp:attachment":[{"href":"https:\/\/ghostsoul.pt\/pt-pt\/wp-json\/wp\/v2\/media?parent=3464"}],"curies":[{"name":"wp","href":"https:\/\/api.w.org\/{rel}","templated":true}]}}