
{"id":2439,"date":"2021-11-11T15:16:20","date_gmt":"2021-11-11T15:16:20","guid":{"rendered":"https:\/\/ghostsoul.pt\/?page_id=2439"},"modified":"2022-05-09T09:54:46","modified_gmt":"2022-05-09T08:54:46","slug":"metodo-de-impressao","status":"publish","type":"page","link":"https:\/\/ghostsoul.pt\/pt-pt\/metodo-de-impressao\/","title":{"rendered":"M\u00e9todo de Impress\u00e3o"},"content":{"rendered":"\t\t<div data-elementor-type=\"wp-page\" data-elementor-id=\"2439\" class=\"elementor elementor-2439\" data-elementor-settings=\"[]\">\n\t\t\t\t\t\t\t<div class=\"elementor-section-wrap\">\n\t\t\t\t\t\t\t<section class=\"elementor-section elementor-top-section elementor-element elementor-element-310e770 elementor-section-boxed elementor-section-height-default elementor-section-height-default\" data-id=\"310e770\" data-element_type=\"section\">\n\t\t\t\t\t\t<div class=\"elementor-container elementor-column-gap-default\">\n\t\t\t\t\t<div class=\"elementor-column elementor-col-100 elementor-top-column elementor-element elementor-element-efa07bf\" data-id=\"efa07bf\" data-element_type=\"column\">\n\t\t\t<div class=\"elementor-widget-wrap elementor-element-populated\">\n\t\t\t\t\t\t\t\t<div class=\"elementor-element elementor-element-8da37ee elementor-widget elementor-widget-heading\" data-id=\"8da37ee\" data-element_type=\"widget\" data-widget_type=\"heading.default\">\n\t\t\t\t<div class=\"elementor-widget-container\">\n\t\t\t<h2 class=\"elementor-heading-title elementor-size-default\">QUALIDADE DE IMPRESS\u00c3O<\/h2>\t\t<\/div>\n\t\t\t\t<\/div>\n\t\t\t\t\t<\/div>\n\t\t<\/div>\n\t\t\t\t\t\t\t<\/div>\n\t\t<\/section>\n\t\t\t\t<section class=\"elementor-section elementor-top-section elementor-element elementor-element-4ad8e5a elementor-section-boxed elementor-section-height-default elementor-section-height-default\" data-id=\"4ad8e5a\" data-element_type=\"section\">\n\t\t\t\t\t\t<div class=\"elementor-container elementor-column-gap-default\">\n\t\t\t\t\t<div class=\"elementor-column elementor-col-100 elementor-top-column elementor-element elementor-element-e426724\" data-id=\"e426724\" data-element_type=\"column\">\n\t\t\t<div class=\"elementor-widget-wrap elementor-element-populated\">\n\t\t\t\t\t\t\t\t<div class=\"elementor-element elementor-element-479cfff elementor-widget elementor-widget-text-editor\" data-id=\"479cfff\" data-element_type=\"widget\" data-widget_type=\"text-editor.default\">\n\t\t\t\t<div class=\"elementor-widget-container\">\n\t\t\t\t\t\t\t\t<p>As nossas t-shirts s\u00e3o feitas com alta qualidade 90% algod\u00e3o e 10% poli\u00e9ster 180g \/ m2 jersey utilizamos a tecnologia dtg (\u201cdirect to garment\u201d) mais sofisticada que permite oferecer uma qualidade de impress\u00e3o inigual\u00e1vel.<\/p>\t\t\t\t\t\t<\/div>\n\t\t\t\t<\/div>\n\t\t\t\t\t<\/div>\n\t\t<\/div>\n\t\t\t\t\t\t\t<\/div>\n\t\t<\/section>\n\t\t\t\t<section class=\"elementor-section elementor-top-section elementor-element elementor-element-57f39a9 elementor-section-boxed elementor-section-height-default elementor-section-height-default\" data-id=\"57f39a9\" data-element_type=\"section\">\n\t\t\t\t\t\t<div class=\"elementor-container elementor-column-gap-default\">\n\t\t\t\t\t<div class=\"elementor-column elementor-col-100 elementor-top-column elementor-element elementor-element-23c5366\" data-id=\"23c5366\" data-element_type=\"column\">\n\t\t\t<div class=\"elementor-widget-wrap elementor-element-populated\">\n\t\t\t\t\t\t\t\t<div class=\"elementor-element elementor-element-8d3384e elementor-widget elementor-widget-heading\" data-id=\"8d3384e\" data-element_type=\"widget\" data-widget_type=\"heading.default\">\n\t\t\t\t<div class=\"elementor-widget-container\">\n\t\t\t<h2 class=\"elementor-heading-title elementor-size-default\">O QUE \u00c9 A ESTAMPARIA DIGITAL DIRETA?<\/h2>\t\t<\/div>\n\t\t\t\t<\/div>\n\t\t\t\t\t<\/div>\n\t\t<\/div>\n\t\t\t\t\t\t\t<\/div>\n\t\t<\/section>\n\t\t\t\t<section class=\"elementor-section elementor-top-section elementor-element elementor-element-42c4562 elementor-section-boxed elementor-section-height-default elementor-section-height-default\" data-id=\"42c4562\" data-element_type=\"section\">\n\t\t\t\t\t\t<div class=\"elementor-container elementor-column-gap-default\">\n\t\t\t\t\t<div class=\"elementor-column elementor-col-100 elementor-top-column elementor-element elementor-element-822cc29\" data-id=\"822cc29\" data-element_type=\"column\">\n\t\t\t<div class=\"elementor-widget-wrap elementor-element-populated\">\n\t\t\t\t\t\t\t\t<div class=\"elementor-element elementor-element-4c648a1 elementor-widget elementor-widget-text-editor\" data-id=\"4c648a1\" data-element_type=\"widget\" data-widget_type=\"text-editor.default\">\n\t\t\t\t<div class=\"elementor-widget-container\">\n\t\t\t\t\t\t\t\t<p><span style=\"font-size: 1rem\">A impress\u00e3o digital direta DTG (\u201cDirect to Garment\u201d) \u00e9 um processo de impress\u00e3o em tecidos e roupas que utiliza a tecnologia de jato de tinta. A pe\u00e7a de vestu\u00e1rio passa sob a cabe\u00e7a de impress\u00e3o do equipamento, onde a tinta \u00e9 lan\u00e7ada em alta resolu\u00e7\u00e3o diretamente nas fibras do tecido.<br>Sem limite de cores, o resultado final \u00e9 excelente em termos de defini\u00e7\u00e3o, cor, tato e durabilidade.<\/span><\/p>\t\t\t\t\t\t<\/div>\n\t\t\t\t<\/div>\n\t\t\t\t\t<\/div>\n\t\t<\/div>\n\t\t\t\t\t\t\t<\/div>\n\t\t<\/section>\n\t\t\t\t\t\t<\/div>\n\t\t\t\t\t<\/div>\n\t\t","protected":false},"excerpt":{"rendered":"<p>QUALIDADE DE IMPRESS\u00c3O As nossas t-shirts s\u00e3o feitas com alta qualidade 90% algod\u00e3o e 10% poli\u00e9ster 180g \/ m2 jersey utilizamos a tecnologia dtg (\u201cdirect to garment\u201d) mais sofisticada que permite oferecer uma qualidade de impress\u00e3o inigual\u00e1vel. O QUE \u00c9 A ESTAMPARIA DIGITAL DIRETA? A impress\u00e3o digital direta DTG (\u201cDirect to Garment\u201d) \u00e9 um processo [&hellip;]<\/p>\n","protected":false},"author":3,"featured_media":0,"parent":0,"menu_order":0,"comment_status":"closed","ping_status":"closed","template":"","meta":{"footnotes":""},"class_list":["post-2439","page","type-page","status-publish","hentry"],"_links":{"self":[{"href":"https:\/\/ghostsoul.pt\/pt-pt\/wp-json\/wp\/v2\/pages\/2439","targetHints":{"allow":["GET"]}}],"collection":[{"href":"https:\/\/ghostsoul.pt\/pt-pt\/wp-json\/wp\/v2\/pages"}],"about":[{"href":"https:\/\/ghostsoul.pt\/pt-pt\/wp-json\/wp\/v2\/types\/page"}],"author":[{"embeddable":true,"href":"https:\/\/ghostsoul.pt\/pt-pt\/wp-json\/wp\/v2\/users\/3"}],"replies":[{"embeddable":true,"href":"https:\/\/ghostsoul.pt\/pt-pt\/wp-json\/wp\/v2\/comments?post=2439"}],"version-history":[{"count":25,"href":"https:\/\/ghostsoul.pt\/pt-pt\/wp-json\/wp\/v2\/pages\/2439\/revisions"}],"predecessor-version":[{"id":3478,"href":"https:\/\/ghostsoul.pt\/pt-pt\/wp-json\/wp\/v2\/pages\/2439\/revisions\/3478"}],"wp:attachment":[{"href":"https:\/\/ghostsoul.pt\/pt-pt\/wp-json\/wp\/v2\/media?parent=2439"}],"curies":[{"name":"wp","href":"https:\/\/api.w.org\/{rel}","templated":true}]}}